{"id":124,"date":"2007-03-25T15:18:54","date_gmt":"2007-03-25T13:18:54","guid":{"rendered":"http:\/\/blog.arminaugustalexander.de\/?page_id=124"},"modified":"2026-04-01T12:32:45","modified_gmt":"2026-04-01T10:32:45","slug":"gif-animationen-in-gimp-erstellen","status":"publish","type":"page","link":"https:\/\/blog.arminaugustalexander.de\/?page_id=124","title":{"rendered":"GIF-Animationen in GIMP erstellen"},"content":{"rendered":"<p>Eine animierte GIF-Datei unterscheidet sich von einer \u00bbgew\u00f6hnlichen\u00ab dadurch, da\u00df diese mehrere Ebenen enth\u00e4lt, die beim Abspielen nacheinander gezeigt werden. Animierte GIFs lassen sich leicht in GIMP erstellen.<\/p>\n<p><img loading=\"lazy\" decoding=\"async\" src=\"https:\/\/blog.arminaugustalexander.de\/wp-content\/gallery\/gimp\/ani_18.jpg\" width=\"450\" height=\"361\" \/><\/p>\n<p>F\u00fcr dieses Beispiel wurde das Photos eines kleinen Sees gew\u00e4hlt. Mit einem Brush, der eine kleine Vogelschar im Flug zeigt, wurden mehrere dieser Aufnahmen so bearbeitet, da\u00df beim Abspielen der Animation der Eindruck eines Durchflugs entsteht,<\/p>\n<p><img loading=\"lazy\" decoding=\"async\" src=\"https:\/\/blog.arminaugustalexander.de\/wp-content\/gallery\/gimp\/ani_19.jpg\" width=\"450\" height=\"362\" \/><\/p>\n<p>Als n\u00e4chster Schritt werden die entsprechend bearbeiteten Photos nacheinander im Bildfenster \u00fcber <b>Datei -&gt; Als Ebene \u00f6ffnen &#8230;<\/b> eingef\u00fcgt, bis alle ben\u00f6tigten Bilder als Ebenen \u00fcbereinanderliegen.<\/p>\n<p><img loading=\"lazy\" decoding=\"async\" src=\"https:\/\/blog.arminaugustalexander.de\/wp-content\/gallery\/gimp\/ani_20.jpg\" width=\"200\" height=\"314\" \/><\/p>\n<p>Um zu sehen, wie die Animation wirkt, wird unter <b>Filter -&gt; Animation -&gt; Animation abspielen&#8230;<\/b> aufgerufen.<\/p>\n<p><img loading=\"lazy\" decoding=\"async\" src=\"https:\/\/blog.arminaugustalexander.de\/wp-content\/gallery\/gimp\/ani_26.jpg\" width=\"400\" height=\"384\" \/><\/p>\n<p>Dieser Dialog bietet die M\u00f6glichkeit, die Animation ingesamt oder schrittweise abzuspielen.<\/p>\n<p>Da die einzelnen Bilder in diesem Fall noch als Echtfarbenbilder vorliegen, m\u00fcssen sie zuerst in 256 Farben Bilder umgewandelt werden, da das GIF-Format nicht mehr Farben kennt. Das geht unter <b>Bild -&gt; Modus -&gt; Indiziert<\/b>. Wichtig ist, da\u00df der Men\u00fcpunkt <b>Bild<\/b> gew?hlt wird und nicht <b>Ebene!<\/b> Denn unter letzterem wird nur die <b>gerade aktive Ebene<\/b> umgewandelt.<br \/>\nDie im Bildschirmphoto gezeigten Einstellung bieten die beste Farbdarstellung.<\/p>\n<p><img loading=\"lazy\" decoding=\"async\" src=\"https:\/\/blog.arminaugustalexander.de\/wp-content\/gallery\/gimp\/ani_21.jpg\" width=\"269\" height=\"250\" \/><\/p>\n<p><b>Noch eine kleine Anmerkung:<\/b> Die einzelnen Bilder sollten generell im Echtfarbenmodus erstellt und bearbeitet werden, da nur hier alle Bearbeitungswerkzeuge zur Verf\u00fcgung stehen!<\/p>\n<p>Jetzt kann die Animation im GIF-Format abgespeichert werden.<br \/>\nDazu <b>Datei -&gt; Speichern unter &#8230;<\/b> aufrufen.<\/p>\n<p><img loading=\"lazy\" decoding=\"async\" src=\"https:\/\/blog.arminaugustalexander.de\/wp-content\/gallery\/gimp\/ani_22.jpg\" width=\"350\" height=\"162\" \/><\/p>\n<p>Es erscheint der folgende Hinweis:<\/p>\n<p><img loading=\"lazy\" decoding=\"async\" src=\"https:\/\/blog.arminaugustalexander.de\/wp-content\/gallery\/gimp\/ani_23.jpg\" width=\"350\" height=\"189\" \/><\/p>\n<p>Da es eine Animation werden soll, <b>Als Animation speichern<\/b> markieren.<\/p>\n<p>Der n\u00e4chste Dialog zeigt die folgenden Parameter, die f\u00fcr die ersten Versuche \u00fcbernommen werden k\u00f6nnen.<\/p>\n<p><img loading=\"lazy\" decoding=\"async\" src=\"https:\/\/blog.arminaugustalexander.de\/wp-content\/gallery\/gimp\/ani_24.jpg\" width=\"350\" height=\"213\" \/><\/p>\n<p>Damit ist die Animation bereits fertig.<\/p>\n<p>Sollen die einzelnen Bilder\/Frames unterschiedlich lang gezeigt, die Animation \u00fcber <b>Datei -&gt; \u00f6ffnen<\/b> laden.<br \/>\nIm Ebenen-Dialog k\u00f6nnen die Zeiten einfach durch Anklicken der entsprechenen Ebene bearbeitet werden. Statt wie im Beispiel <b>100ms<\/b> einen beliebigen Wert eintragen.<\/p>\n<p><img loading=\"lazy\" decoding=\"async\" src=\"https:\/\/blog.arminaugustalexander.de\/wp-content\/gallery\/gimp\/ani_25.jpg\" width=\"221\" height=\"350\" \/><\/p>\n","protected":false},"excerpt":{"rendered":"<p>Eine animierte GIF-Datei unterscheidet sich von einer \u00bbgew\u00f6hnlichen\u00ab dadurch, da\u00df diese mehrere Ebenen enth\u00e4lt, die beim Abspielen nacheinander gezeigt werden. Animierte GIFs lassen sich leicht in GIMP erstellen. F\u00fcr dieses Beispiel wurde das Photos eines kleinen Sees gew\u00e4hlt. Mit einem Brush, der eine kleine Vogelschar im Flug zeigt, wurden mehrere dieser Aufnahmen so bearbeitet, da\u00df [&hellip;]<\/p>\n","protected":false},"author":1,"featured_media":0,"parent":37,"menu_order":0,"comment_status":"open","ping_status":"closed","template":"","meta":{"pgc_sgb_lightbox_settings":"","_themeisle_gutenberg_block_has_review":false,"footnotes":""},"class_list":["post-124","page","type-page","status-publish","hentry"],"_links":{"self":[{"href":"https:\/\/blog.arminaugustalexander.de\/index.php?rest_route=\/wp\/v2\/pages\/124","targetHints":{"allow":["GET"]}}],"collection":[{"href":"https:\/\/blog.arminaugustalexander.de\/index.php?rest_route=\/wp\/v2\/pages"}],"about":[{"href":"https:\/\/blog.arminaugustalexander.de\/index.php?rest_route=\/wp\/v2\/types\/page"}],"author":[{"embeddable":true,"href":"https:\/\/blog.arminaugustalexander.de\/index.php?rest_route=\/wp\/v2\/users\/1"}],"replies":[{"embeddable":true,"href":"https:\/\/blog.arminaugustalexander.de\/index.php?rest_route=%2Fwp%2Fv2%2Fcomments&post=124"}],"version-history":[{"count":1,"href":"https:\/\/blog.arminaugustalexander.de\/index.php?rest_route=\/wp\/v2\/pages\/124\/revisions"}],"predecessor-version":[{"id":7514,"href":"https:\/\/blog.arminaugustalexander.de\/index.php?rest_route=\/wp\/v2\/pages\/124\/revisions\/7514"}],"up":[{"embeddable":true,"href":"https:\/\/blog.arminaugustalexander.de\/index.php?rest_route=\/wp\/v2\/pages\/37"}],"wp:attachment":[{"href":"https:\/\/blog.arminaugustalexander.de\/index.php?rest_route=%2Fwp%2Fv2%2Fmedia&parent=124"}],"curies":[{"name":"wp","href":"https:\/\/api.w.org\/{rel}","templated":true}]}}