{"id":134,"date":"2007-03-26T14:06:23","date_gmt":"2007-03-26T13:06:23","guid":{"rendered":"http:\/\/blog.arminaugustalexander.de\/?page_id=134"},"modified":"2026-04-01T13:47:40","modified_gmt":"2026-04-01T11:47:40","slug":"vergrosern-3-kontaktbogen","status":"publish","type":"page","link":"https:\/\/blog.arminaugustalexander.de\/?page_id=134","title":{"rendered":"Vergr\u00f6\u00dfern: 3. Kontaktbogen"},"content":{"rendered":"\n<figure class=\"wp-block-image\"><img decoding=\"async\" src=\"https:\/\/blog.arminaugustalexander.de\/wp-content\/gallery\/labor\/kontaktbogen.jpg\" alt=\"\"\/><\/figure>\n\n\n\n<p><\/p>\n\n\n\n<p>Ein Kontaktbogen bietet nicht nur einen guten \u00dcberblick \u00fcber den gesamten Film, sondern gibt auch erste Anhaltspunkte \u00fcber die ben\u00f6tigte Gradation und Belichtungszeit. Ein guter Kontaktbogen erspart viel Arbeit, da in den meisten F\u00e4llen zur Belichtungsbestimmung nur die Feinabstimmung erfolgen mu\u00df.<br>Um die Belichtungszeit f\u00fcr den Kontaktbogen zu ermitteln, wird ein Negativ mittlerer Dichte herausgesucht, der Vergr\u00f6\u00dferer soweit hochgefahren, da\u00df reichlich die Fl\u00e4che f\u00fcr ein 24 x 30 cm gro\u00dfes Blatt Papier beleuchtet wird. Diese H\u00f6heneinstellung wird an der S\u00e4ule makiert. Denn mit dieser werden in Zukunft <b>a l l e<\/b> Kontaktb?gen hergestellt. Desgleichen wird auch die ermittelte Belichtungszeit f\u00e4r <b>a l l e<\/b> zuk\u00fcnftigen Kontaktb\u00f6gen benutzt, denn nur so ist sp\u00e4ter eine einheitlich Beurteilung <b>a l l e r<\/b> Negative m\u00f6glich.<\/p>\n\n\n\n<p>Nach erfolgreicher Ermittlung der Belichtungszeit wie unter <a href=\"?page_id=133\">\u00bbVergr\u00f6\u00dfern: 2. Probestreifen\u00ab<\/a> beschrieben, ist die einfachste Methode, die Negativ-Streifen nebeneinander aufs Papier zu legen, mit einer Glasplatte zu beschweren und zu belichten. Da aber Negative nur dann aus der sch\u00fctzenden Tasche genommen werden sollten, wenn es unerl\u00e4\u00dflich ist, sprich zum Vergr\u00f6\u00dfern, bieten sich die klaren Acetat-H\u00fcllen an. Einfach aufs Blatt legen, Glasplatte drauf, belichten, fertig. Die Negative m\u00fcssen nicht aus der H\u00fclle.<br>Man kann nun die Kontaktb\u00f6gen im selben Ordner wie die Negative aufbewahren, da aber Negative ein kostbarer Datentr\u00e4ger sind, sollten sie auch so behandelt werden. Sprich das beste ist, getrennte Ordner zu benutzen. So k\u00f6nnen die Kontaktb\u00f6gen problemlos angeschaut werden. Und bei Bedarf l\u00e4\u00dft sich schnell ein neuer erstellen.<\/p>\n\n\n\n<p>Obiger Kontaktbogen wurde mit dem einfachen Kontaktbogenhalter von JOBO gemacht, der aber leider nicht mehr lieferbar ist.<\/p>\n\n\n\n<figure class=\"wp-block-image\"><img decoding=\"async\" src=\"https:\/\/blog.arminaugustalexander.de\/wp-content\/gallery\/labor\/kontaktprinter.jpg\" alt=\"\"\/><\/figure>\n\n\n\n<p><\/p>\n","protected":false},"excerpt":{"rendered":"<p>Ein Kontaktbogen bietet nicht nur einen guten \u00dcberblick \u00fcber den gesamten Film, sondern gibt auch erste Anhaltspunkte \u00fcber die ben\u00f6tigte Gradation und Belichtungszeit. Ein guter Kontaktbogen erspart viel Arbeit, da in den meisten F\u00e4llen zur Belichtungsbestimmung nur die Feinabstimmung erfolgen mu\u00df.Um die Belichtungszeit f\u00fcr den Kontaktbogen zu ermitteln, wird ein Negativ mittlerer Dichte herausgesucht, der [&hellip;]<\/p>\n","protected":false},"author":1,"featured_media":0,"parent":41,"menu_order":0,"comment_status":"open","ping_status":"closed","template":"","meta":{"pgc_sgb_lightbox_settings":"","_themeisle_gutenberg_block_has_review":false,"footnotes":""},"class_list":["post-134","page","type-page","status-publish","hentry"],"_links":{"self":[{"href":"https:\/\/blog.arminaugustalexander.de\/index.php?rest_route=\/wp\/v2\/pages\/134","targetHints":{"allow":["GET"]}}],"collection":[{"href":"https:\/\/blog.arminaugustalexander.de\/index.php?rest_route=\/wp\/v2\/pages"}],"about":[{"href":"https:\/\/blog.arminaugustalexander.de\/index.php?rest_route=\/wp\/v2\/types\/page"}],"author":[{"embeddable":true,"href":"https:\/\/blog.arminaugustalexander.de\/index.php?rest_route=\/wp\/v2\/users\/1"}],"replies":[{"embeddable":true,"href":"https:\/\/blog.arminaugustalexander.de\/index.php?rest_route=%2Fwp%2Fv2%2Fcomments&post=134"}],"version-history":[{"count":2,"href":"https:\/\/blog.arminaugustalexander.de\/index.php?rest_route=\/wp\/v2\/pages\/134\/revisions"}],"predecessor-version":[{"id":7521,"href":"https:\/\/blog.arminaugustalexander.de\/index.php?rest_route=\/wp\/v2\/pages\/134\/revisions\/7521"}],"up":[{"embeddable":true,"href":"https:\/\/blog.arminaugustalexander.de\/index.php?rest_route=\/wp\/v2\/pages\/41"}],"wp:attachment":[{"href":"https:\/\/blog.arminaugustalexander.de\/index.php?rest_route=%2Fwp%2Fv2%2Fmedia&parent=134"}],"curies":[{"name":"wp","href":"https:\/\/api.w.org\/{rel}","templated":true}]}}