{"id":210,"date":"2007-07-09T18:39:53","date_gmt":"2007-07-09T16:39:53","guid":{"rendered":"http:\/\/blog.arminaugustalexander.de\/?page_id=210"},"modified":"2026-03-31T14:07:05","modified_gmt":"2026-03-31T12:07:05","slug":"farbkorrektur-mit-gimp","status":"publish","type":"page","link":"https:\/\/blog.arminaugustalexander.de\/?page_id=210","title":{"rendered":"Farbkorrektur mit Gimp"},"content":{"rendered":"<p>Ganz gleich wie die Farbbilder auf die Festplatte kommen, ob direkt per Digitalkamera oder als Scan von Negativ\/Positiv\/Dia, selten sind die Farben so wiedergegeben, wie sie beim Zeitpunkt der Aufnahme waren. Die Gr\u00fcnde sind vielf\u00e4ltig.<br \/>\nUm zu \u00bbrichtigen\u00ab Farben zu kommen, bietet jedes Bildbearbeitungsprogramm verschiedene L\u00f6sungswege an, so auch Gimp. Dieser Beitrag besch\u00e4ftigt sich mit dem Gebrauch des Werkzeugs <b>Farbkurven<\/b>, das bereits in einem fr\u00fcheren Tip <a href=\"?page_id=60\">\u00bbWerkzeug Farbkurven\u00ab<\/a> beschrieben wurde, dort als Mittel zur Tonwertsteuerung. Es erm\u00f6glicht eine sehr differenzierte Korrektur.<br \/>\nDas Erkennen eines Farbstiches auf Anhieb erfordert viel \u00dcbung. Dazu braucht man nicht die rote Flagge der T\u00fcrkei oder den in sattem Gr\u00fcn erbl\u00fchten Wald zu bem\u00fchen, schon eine simple Stra\u00dfenszene kann den Unge\u00fcbten zu Schwei\u00dfbr\u00fcchen treiben und auch f\u00fcr den Fachmann ist das manchmal kein leichtes Unterfangen<\/p>\n<p>Die Intensit\u00e4t eines Farbstiches l\u00e4\u00dft sich am einfachsten und genauesten mit dem Pipettenwerkzeug ermitteln, auch aufzurufen \u00fcber die Taste <b>\u00bbo\u00ab<\/b>.<\/p>\n<p><img decoding=\"async\" src=\"https:\/\/blog.arminaugustalexander.de\/wp-content\/gallery\/gimp\/gimp_30_1.jpg\" border=\"0\" \/><\/p>\n<p>Was bei rein statischen und gestellten Szenen noch problemlos m\u00f6glich ist, n\u00e4mlich eine Graukarte am Rand miteinzubelichten, ist in vielen F?llen einfach nicht praktikabel oder gar nicht m\u00f6glich \u2013 Schnappsch\u00fcsse, Reportagen, etc.<br \/>\nMit etwas Gl\u00fcck findet sich irgendwo eine Stelle, die einem Grau ziemlich nahekommt; Asphalt, normale Gehwegplatten, etc. In diesem Beispiel wurde mit dem Pipettenwerkzeug in die rotumrandete Asphaltstelle geklickt, da diese einem neutralen Grau am n\u00e4chsten kommt.<\/p>\n<p><img decoding=\"async\" src=\"https:\/\/blog.arminaugustalexander.de\/wp-content\/gallery\/gimp\/gimp_31.jpg\" border=\"0\" \/><\/p>\n<p>Wie zusehen sind, sind fast alle Werte gleich. Im Beispiel ist etwas zuviel Rot und etwas zu wenig Blau. Im allgemeinen br\u00e4uchte man hier keine Korrektur vorzunehmen, denn der subjektive Eindruck stimmt. Um einen dieser Farbwerte zu \u00e4ndern, wird aus dem Men\u00fc <b>Werkzeug -&gt; Farben -&gt; Kurven<\/b> aufgerufen. Um bspw. den Rotanteil zu ver\u00e4ndern, bei <b>Kanal<\/b> unter <b>Wert Rot<\/b> ausw\u00e4hlen.<\/p>\n<p><img decoding=\"async\" src=\"https:\/\/blog.arminaugustalexander.de\/wp-content\/gallery\/gimp\/gimp_33.jpg\" border=\"0\" \/><\/p>\n<p>Wird die Kurve nach oben verschoben, wie hier, wird der Farbkanal verst\u00e4rkt, nach unten wird er abgeschw\u00e4cht.<br \/>\nIn unserem Beispiel w\u00e4re bei Rot nur eine minimale Korrektur n\u00f6tig.<br \/>\nUm festzustellen, ob die Korrektur erfolglichreich war, mit dem Pipettenwerkzeug, einfach wieder dieselbe Stelle anklicken. Sind alle Werte gleich, dann war die Korrektur erfolgreich, andernfalls wird am besten \u00fcber <b>R\u00fcckg\u00e4ngig<\/b> bzw. <b>Strg+z<\/b>, die \u00c4nderung aufgehoben und neu durchgef\u00fchrt.<\/p>\n<p>Farbkorrektur erfordert Geduld und ist nicht mal ebenso gemacht, wie \u00fcbrigens jede Form der Bildbearbeitung. Mit der Zeit und \u00dcbung gelingt das aber immer z\u00fcgiger.<\/p>\n<p><!--adsense--><\/p>\n","protected":false},"excerpt":{"rendered":"<p>Ganz gleich wie die Farbbilder auf die Festplatte kommen, ob direkt per Digitalkamera oder als Scan von Negativ\/Positiv\/Dia, selten sind die Farben so wiedergegeben, wie sie beim Zeitpunkt der Aufnahme waren. Die Gr\u00fcnde sind vielf\u00e4ltig. Um zu \u00bbrichtigen\u00ab Farben zu kommen, bietet jedes Bildbearbeitungsprogramm verschiedene L\u00f6sungswege an, so auch Gimp. Dieser Beitrag besch\u00e4ftigt sich mit [&hellip;]<\/p>\n","protected":false},"author":1,"featured_media":0,"parent":37,"menu_order":0,"comment_status":"open","ping_status":"closed","template":"","meta":{"pgc_sgb_lightbox_settings":"","_themeisle_gutenberg_block_has_review":false,"footnotes":""},"class_list":["post-210","page","type-page","status-publish","hentry"],"_links":{"self":[{"href":"https:\/\/blog.arminaugustalexander.de\/index.php?rest_route=\/wp\/v2\/pages\/210","targetHints":{"allow":["GET"]}}],"collection":[{"href":"https:\/\/blog.arminaugustalexander.de\/index.php?rest_route=\/wp\/v2\/pages"}],"about":[{"href":"https:\/\/blog.arminaugustalexander.de\/index.php?rest_route=\/wp\/v2\/types\/page"}],"author":[{"embeddable":true,"href":"https:\/\/blog.arminaugustalexander.de\/index.php?rest_route=\/wp\/v2\/users\/1"}],"replies":[{"embeddable":true,"href":"https:\/\/blog.arminaugustalexander.de\/index.php?rest_route=%2Fwp%2Fv2%2Fcomments&post=210"}],"version-history":[{"count":1,"href":"https:\/\/blog.arminaugustalexander.de\/index.php?rest_route=\/wp\/v2\/pages\/210\/revisions"}],"predecessor-version":[{"id":7343,"href":"https:\/\/blog.arminaugustalexander.de\/index.php?rest_route=\/wp\/v2\/pages\/210\/revisions\/7343"}],"up":[{"embeddable":true,"href":"https:\/\/blog.arminaugustalexander.de\/index.php?rest_route=\/wp\/v2\/pages\/37"}],"wp:attachment":[{"href":"https:\/\/blog.arminaugustalexander.de\/index.php?rest_route=%2Fwp%2Fv2%2Fmedia&parent=210"}],"curies":[{"name":"wp","href":"https:\/\/api.w.org\/{rel}","templated":true}]}}