{"id":3498,"date":"2017-01-29T19:49:54","date_gmt":"2017-01-29T18:49:54","guid":{"rendered":"http:\/\/blog.arminaugustalexander.de\/?page_id=3498"},"modified":"2026-04-11T21:11:05","modified_gmt":"2026-04-11T19:11:05","slug":"erzaehlungen-uebersicht","status":"publish","type":"page","link":"https:\/\/blog.arminaugustalexander.de\/?page_id=3498","title":{"rendered":"Erz\u00e4hlungen \u00b7  \u00dcbersicht"},"content":{"rendered":"\n<p style=\"margin-top:2rem\"><\/p>\n\n\n<div class=\"wp-block-image\">\n<figure class=\"aligncenter size-large\"><img decoding=\"async\" src=\"https:\/\/blog.arminaugustalexander.de\/wp-content\/gallery\/logos\/inter.jpg\" alt=\"Interpretationen\"\/><\/figure>\n<\/div>\n\n\n<p class=\"titelbild\"><br><em>Eine \u00dcbersicht aller bisher im Blog in Abschnitten erschienen Erz\u00e4hlungen aus eigener Feder.<\/em><br><\/p>\n\n\n\n<p class=\"zitattitel\">Nachhilfestunden<\/p>\n\n\n\n<p>Ulla mu\u00df nur noch eine Pr\u00fcfung machen, dann kann sie sich f\u00fcr die Abschlu\u00dfarbeit anmelden. Allerdings ist sie bereits zweimal durch diese gefallen, bei der es lediglich ums Auswendiglernen geht. Ihr bleibt nur noch ein Versuch. Sie bitten ihren Kommilitonen R\u00fcdiger um Hilfe. So sehr dieser sich auch bem\u00fcht; ihr gelingt es nicht sich ausreichend zu konzentrieren. Er will bereits aufgeben, doch dann f\u00e4llt ihm ein alter speckiger Erziehungsratgeber aus dem 19. Jahrhundert in die Hand, der ihn mit seinen drastischen Methoden zu einem letzten Versuch inspiriert; und \u2013 es funktioniert. Ulla gelingt es, sich zu konzentrieren.<\/p>\n\n\n\n<div class=\"zitate\">\n<p><a href=\"?p=4852\">Nachhilfe tut Not<\/a><\/p>\n<p><a href=\"?p=4857\">Der wilhelminische Erziehungsratgeber<\/a><\/p>\n<p><a href=\"?p=4862\">Unkonventionelle Ma\u00dfnahmen<\/a><\/p>\n<p><a href=\"?p=4867\">Der Stuhl<\/a><\/p>\n<p><a href=\"?p=4873\">Auf allen vieren<\/a><\/p>\n<p><a href=\"?p=4879\">Kontrollverlust<\/a><\/p>\n<p><a href=\"?p=4883\">Der Test<\/a><\/p>\n<p><a href=\"?p=4887\">Ziehen der Konsequenzen<\/a><\/p>\n<\/div>\n\n\n\n<p class=\"zitattitel\">Die \u00bbSch\u00f6ne K\u00fcnstlerin\u00ab<\/p>\n\n\n\n<p>Ein Schriftsteller kehrt der l\u00e4rmenden Gro\u00dfstadt den R\u00fccken und zieht aufs Land. Die alte Villa neben ihm wird von einer sch\u00f6nen Frau, einer K\u00fcnstlerin bewohnt. Ihr ger\u00e4umiges Altelier, das durch gro\u00dfz\u00fcgige Fenser erhellt wird, kann er gut von seinem Arbeitszimmer aus einsehen. Anf\u00e4nglich nutzt er die Gelegenheit nur verstohlen, doch wird er schnell k\u00fchner. Sein Interesse wachst nicht nur an ihrer Arbeit. Sie versteht es ihre Modelle, eine Frau und einen J\u00fcngling auf besonders ansprechende Weise auf die Leinwand zu bannen.<\/p>\n\n\n\n<p class=\"einzug\">Er selbst arbeitet an einer Erz\u00e4hlung, in der sich Tagtraum und Realit\u00e4t auf besondere Weise miteinander vermischen, und in der gleich ihm, ein junger Mann die M\u00f6glichkeit erh\u00e4lt, einer jungen Fotografin, die neben ihm wohnt, sie nicht nur bei ihrer Arbeit unauff\u00e4llig zu beobachten.<\/p>\n\n\n\n<p class=\"einzug\">Derweil besuchen ihn Frauen, die auf irgendeine Weise mit seinem Leben verbunden sind. Saskia, die Freundin aus Kinder- und Jugendtagen. Bettina, die ehemalige Kommilitonin, der er in einer kritischen Phase ihres Lebens beigestanden hat. Viviane, die ein H\u00e4ndchen daf\u00fcr besitzt, sich grunds\u00e4tzlich in M\u00e4nner zu verlieben, die nicht gut f\u00fcr sie sind \u2013 eine SMerin und Vanillas passen prinzipiell nicht zusammen \u2013 und jedesmal ihren Trennungsschmerz bei ihm abl\u00e4dt und sich Trost holt, und bei der er es bedauert, da\u00df sich zwischen ihnen nie eine richtige Beziehung entwickeln wird. Auch die Erinnerung an Swaantje, einer jungen Ornithologin und passionierten Gummifetschistin lebt wieder auf.<\/p>\n\n\n\n<p class=\"einzug\">\u00dcber allem schwebt die Person der \u00bbSch\u00f6nen K\u00fcnstlerin\u00ab, zu der er sich auf vielf\u00e4ltige Weise immer mehr hingezogen f\u00fchlt und von der er glaubt, da\u00df sie es nicht bemerkt, wie sie von ihm beobachtet wird, bis er eines Tages einen Umschlag mit einer besonderen Zeichnung erh\u00e4lt.<\/p>\n\n\n\n<div class=\"zitate\">\n<p><a href=\"?p=4758\">Der Einzug<\/a><\/p>\n<p><a href=\"?p=4767\">Die \u00bbSch\u00f6ne K\u00fcnstlerin\u00ab<\/a><\/p>\n<p><a href=\"?p=4770\">Der sch\u00f6ne J\u00fcngling<\/a><\/p>\n<p><a href=\"?p=4777\">Bettina<\/a><\/p>\n<p><a href=\"?p=4782\">Ein Wochenende mit Bettina<\/a><\/p>\n<p><a href=\"?p=4786\">Begegnung im Mondschein<\/a><\/p>\n<p><a href=\"?p=4789\">Die \u00bbSch\u00f6ne \u00dcppige\u00ab<\/a><\/p>\n<p><a href=\"?p=4797\">Viviane<\/a><\/p>\n<p><a href=\"?p=4801\">Erinnerungen an Swaantje<\/a><\/p>\n<p><a href=\"?p=4805\">Eine Session mit Viviane<\/a><\/p>\n<p><a href=\"?p=4810\">Ein sonnt\u00e4glicher Regenspaziergang<\/a><\/p>\n<p><a href=\"?p=4815\">Wieder allein<\/a><\/p>\n<p><a href=\"?p=4819\">Die \u00bbAufforderung\u00ab<\/a><\/p>\n<\/div>\n\n\n\n<p class=\"zitattitel\">Nachbarschaftshilfe<\/p>\n\n\n\n<p>Man wird in der Regel nur einmal drei\u00dfig und wenn der beste Freund das feiert, dann bleibt man schon einmal bis in die fr\u00fchen Morgenstunden. Ein Sonnenaufgang im Fr\u00fchling hat schlie\u00dflich auch etwas f\u00fcr sich. Schlie\u00dflich ist Samstag und man kann den Tag verschlafen. Es sei denn, es zieht jemand allzu ger\u00e4uschvoll in die Nachbarwohnung ein. Irgendwann rei\u00dft einem dann doch die Geduld und das Verst\u00e4ndnis, das so etwas nicht v\u00f6llig ohne Ger\u00e4usche abgehen kann. Und dann mu\u00df man einfach einmal den Verursachern sagen, was man davon h\u00e4lt. Es sei denn, der Verursacher ist auf einmal eine sch\u00f6ne junge Frau. Da ist man gerne behilflich und geht in seiner Hilfsbereitschaft schon einmal sehr weit, und scheut sich nicht, eine doch etwas besondere Figur zu machen, um der jungen Dame zu helfen, eine Wette zu gewinnen.<\/p>\n\n\n\n<div class=\"zitate\">\n<p><a href=\"?p=3650\">Der Einzug<\/a><\/p>\n<p><a href=\"?p=3661\">Die Wette<\/a><\/p>\n<p><a href=\"?p=3694\">Der \u00bbHausdiener\u00ab<\/a><\/p>\n<\/div>\n\n\n\n<p class=\"zitattitel\">Das neue Zimmer<\/p>\n\n\n\n<p>Gero, ein begabter, aber wenig erfolgreicher Schriftsteller, der sich mit Literatur- und Kunstkritiken mehr schlecht als recht \u00fcber Wasser h\u00e4lt, ist auf der Suche nach einem neuen, preiswerten Zimmer. Er scheint Gl\u00fcck zu haben. Er findet auf Anhieb eines im Haus einer relativ jungen und \u00fcberaus attraktiven, \u00fcppigen Witwe. Anf\u00e4nglich scheut er sich davor, ihren Wunsch nach Geselligkeit nachzugeben. Schlie\u00dflich erreicht es Daphne, die nicht nur seine beste Freundin ist, sondern auch seine in ihm schlummernden sadomasochistischen Neigungen geweckt hat, da\u00df er die Einladung seiner Zimmerwirtin annimmt. Die beiden kommen sich nur intellektuell n\u00e4her.<\/p>\n\n\n\n<div class=\"zitate\">\n<p><a href=\"?p=3466\">Die neue Zimmerwirtin<\/a><\/p>\n<p><a href=\"?p=3475\">Daphne<\/a><\/p>\n<p><a href=\"?p=3481\">Gero und Daphne<\/a><\/p>\n<p><a href=\"?p=3483\">Gespr\u00e4ch im Caf\u00e9<\/a><\/p>\n<p><a href=\"?p=3490\">Der erste gemeinsame Abend<\/a><\/p>\n<p><a href=\"?p=3493\">Die letzte Session mit Daphne?<\/a><\/p>\n<p><a href=\"?p=3496\">Der entscheidende Schritt<\/a><\/p>\n<p><a href=\"?p=3512\">Regenspaziergang<\/a><\/p>\n<p><a href=\"?p=3520\">Regenspaziergang \u2013 Fortsetzung<\/a><\/p>\n<p><a href=\"?p=3531\">Daphne hatte Recht \u2013 wieder einmal<\/a><\/p>\n<\/div>\n\n\n\n<p class=\"zitattitel\">Geheimnisvolles Rendezvous<\/p>\n\n\n\n<p>Man stelle sich vor: Eines Morgens liegt im Briefkasten ein Umschlag mit einem erotischen Aquarell, dem Selbstportrait einer faszinierend sch\u00f6nen Frau und einer begnadeten K\u00fcnstlerin, die ihren K\u00f6rper verf\u00fchrerisch darstelt, aber ihr Gesicht verdeckt. Und es bleibt nicht bei diesem einen Aquarell, sondern es werden ein Dutzend. Auf keinem gibt sie ihre Identit\u00e4t preis, daf\u00fcr alles andere. Genau das und noch etwas mehr widerf\u00e4hrt dem Helden dieser Erz\u00e4hlung.<\/p>\n\n\n\n<div class=\"zitate\">\n<p><a href=\"?p=3382\">Zw\u00f6lf erotische Aquarelle<\/a><\/p>\n<p><a href=\"?p=3384\">Marlies<\/a><\/p>\n<p><a href=\"?p=3388\">Das geheimnisvolle Rendezvous<\/a><\/p>\n<p><a href=\"?p=3400\">Nachklang<\/a><\/p>\n<p><a href=\"?p=3402\">Erneutes Rendezvous mit der sch\u00f6nen Unbekannten<\/a><\/p>\n<p><a href=\"?p=3407\">Marlies redet ihm ins Gewissen<\/a><\/p>\n<p><a href=\"?p=3410\">Das Ende oder vielleicht doch erst der Anfang?<\/a><\/p>\n<\/div>\n\n\n\n<p class=\"zitattitel\">Die \u00bbGouvernante\u00ab<\/p>\n\n\n\n<p>Lisbeth Schmitz-Greve hat von ihrem Kollegen Lars den heimlichen Spitznamen \u00bbDie Gouvernante\u00ab bekommen. Wie sich erweist, nicht zu unrecht und zu seiner Freude.<\/p>\n\n\n\n<div class=\"zitate\">\n<p><a href=\"?p=3059\">Die \u00bbGouvernante\u00ab<\/a><\/p>\n<p><a href=\"?p=3063\">Nur ein Tagtraum?<\/a><\/p>\n<\/div>\n\n\n\n<p class=\"zitattitel\">Evamarias Gummiregenmantel<\/p>\n\n\n\n<p>Evamaria geht in einer kleinen verwinkelten Gasse, die in einer alten kleinen Stadt liegt, in der die Zeit stehengeblieben zu sein, auf den Strich. Ihre Kunden kommen meist aus den gleichen kleinen Verh?ltnissen wie sie selbst. Am liebsten werden ihr mit der Zeit die \u00bbFetischisten\u00ab und die \u00bbDevoten\u00ab, wie sie sie einteilt. Eines Tages schenkt ihr eine Tante, die seinerzeit dasselbe Gewerbe ausgeibt und sp\u00e4ter einen wohlhabenden Kunden geheiratet hat, zwei \u00e4ltere, aber sehr gut erhaltene Gummiregenm\u00e4ntel, die Evamaria nun regelm\u00e4\u00dfig an Regentagen w\u00e4hrend der Arbeit tr\u00e4gt und ihr einen \u00bbbesonderen\u00ab Kunden einbringt.<\/p>\n\n\n\n<div class=\"zitate\">\n<p><a href=\"?p=3259\">Evamarias Gummiregenmantel<\/a><\/p>\n<p><a href=\"?p=3263\">Der Fetischist<\/a><\/p>\n<\/div>\n\n\n\n<p class=\"zitattitel\">Das Hotelzimmer<\/p>\n\n\n\n<p>Simon erh\u00e4lt um Mitternacht einen, f\u00fcr ihn seltsamen Anruf. Eine ihm unbekannte wohlklingende Frauenstimme verwickelt ihn in ein Gespr\u00e4ch. Die Frau gibt vor, ihn zu kennen. Sie ruft erneut an und ihr gelingt es, ihn zu einem \u00bbBlind date\u00ab im Wortsinn in einem kleinen verschwiegenen Hotel zu bewegen. Dort wartet er im D\u00e4mmerlicht sitzend auf die erste Begegnung mit der Unbekannten.<\/p>\n\n\n\n<div class=\"zitate\">\n<p><a href=\"?p=2420\">Der unbekannte n\u00e4chtliche Anrufer<\/a><\/p>\n<p><a href=\"?p=2487\">Ein \u00bbblinde date\u00ab im Wortsinn<\/a><\/p>\n<p><a href=\"?p=2511\">\u00bbblo\u00df gestellt\u00ab<\/a><\/p>\n<p><a href=\"?p=2521\">Die Belohnung<\/a><\/p>\n<p><a href=\"?p=2542\">Nachgang und Ausblick<\/a><\/p>\n<\/div>\n\n\n\n<p class=\"zitattitel\">Eine Flucht<\/p>\n\n\n\n<p>Ulrich Bernow, aufgewachsen in Waldeneck, einem kleinen, kaum bekannten Ort in Th\u00fcringen unweit der Zonengrenze, mu\u00df schon als Sch\u00fcler erfahren, was es bedeutet, eine nonkonforme Meinung zu vertreten, welche Schikanen es mit sich zieht, wenn einen einmal der m\u00e4chtige Staatsapparat in den F\u00e4ngen hat. Flucht aus dem ungeliebten Land erscheint ihm einziger Ausweg. Doch als sein Fluchtversuch scheitert, beginnt f\u00fcr ihn der Alptraum erst wirklich.<\/p>\n\n\n\n<div class=\"zitate\">\n<p><a href=\"?p=1789\">Fluchtgedanken<\/a><\/p>\n<p><a href=\"?p=1792\">Der Fluchtversuch<\/a><\/p>\n<p><a href=\"?p=1796\">Die Folgen<\/a><\/p>\n<\/div>\n\n\n\n<p class=\"zitattitel\">Blick aus dem Fenster<\/p>\n\n\n\n<p>Rolf hatte einen ungl\u00fccklich Unfall und den Fu\u00df nun in Gips. Zur ver\u00fcbergehenden Bewegungslosigkeit verurteilt, schaut er immer \u00f6fter aus dem Fenster. Die Wohnung, in die er relativ gut von seinem Rekonvaleszentenplatz schauen kann, wird gerade renoviert. Eine junge Frau zieht dort ein. Maria, von der er sich frisch getrennt hat, zumindest sieht er es so, obgleich \u00bbundefiniert\u00ab f\u00fcr ihren Beziehungsstatus passen w\u00e4re, k\u00fcmmert sich auf besondere Weise um ihn. Wie er auch von seinem besten Freund regelm\u00e4\u00dfig besucht wird.<\/p>\n\n\n\n<div class=\"zitate\">\n<p><a href=\"?p=1598\">Der Gipsfu\u00df<\/a><\/p>\n<p><a href=\"?p=1607\">Der Rekonvaleszent<\/a><\/p>\n<p><a href=\"?p=1620\">Rolf wird umsorgt<\/a><\/p>\n<p><a href=\"?p=1632\">Die neue Nachbarin<\/a><\/p>\n<p><a href=\"?p=1646\">Marias \u00dcberraschung<\/a><\/p>\n<\/div>\n","protected":false},"excerpt":{"rendered":"<p>Eine \u00dcbersicht aller bisher im Blog in Abschnitten erschienen Erz\u00e4hlungen aus eigener Feder. Nachhilfestunden Ulla mu\u00df nur noch eine Pr\u00fcfung machen, dann kann sie sich f\u00fcr die Abschlu\u00dfarbeit anmelden. Allerdings ist sie bereits zweimal durch diese gefallen, bei der es lediglich ums Auswendiglernen geht. Ihr bleibt nur noch ein Versuch. Sie bitten ihren Kommilitonen R\u00fcdiger [&hellip;]<\/p>\n","protected":false},"author":1,"featured_media":0,"parent":0,"menu_order":0,"comment_status":"open","ping_status":"closed","template":"","meta":{"pgc_sgb_lightbox_settings":"","_themeisle_gutenberg_block_has_review":false,"footnotes":""},"class_list":["post-3498","page","type-page","status-publish","hentry"],"_links":{"self":[{"href":"https:\/\/blog.arminaugustalexander.de\/index.php?rest_route=\/wp\/v2\/pages\/3498","targetHints":{"allow":["GET"]}}],"collection":[{"href":"https:\/\/blog.arminaugustalexander.de\/index.php?rest_route=\/wp\/v2\/pages"}],"about":[{"href":"https:\/\/blog.arminaugustalexander.de\/index.php?rest_route=\/wp\/v2\/types\/page"}],"author":[{"embeddable":true,"href":"https:\/\/blog.arminaugustalexander.de\/index.php?rest_route=\/wp\/v2\/users\/1"}],"replies":[{"embeddable":true,"href":"https:\/\/blog.arminaugustalexander.de\/index.php?rest_route=%2Fwp%2Fv2%2Fcomments&post=3498"}],"version-history":[{"count":3,"href":"https:\/\/blog.arminaugustalexander.de\/index.php?rest_route=\/wp\/v2\/pages\/3498\/revisions"}],"predecessor-version":[{"id":8504,"href":"https:\/\/blog.arminaugustalexander.de\/index.php?rest_route=\/wp\/v2\/pages\/3498\/revisions\/8504"}],"wp:attachment":[{"href":"https:\/\/blog.arminaugustalexander.de\/index.php?rest_route=%2Fwp%2Fv2%2Fmedia&parent=3498"}],"curies":[{"name":"wp","href":"https:\/\/api.w.org\/{rel}","templated":true}]}}