{"id":3950,"date":"2017-03-23T11:31:17","date_gmt":"2017-03-23T10:31:17","guid":{"rendered":"http:\/\/blog.arminaugustalexander.de\/?page_id=3950"},"modified":"2026-03-29T21:54:01","modified_gmt":"2026-03-29T19:54:01","slug":"galerien-kategorien","status":"publish","type":"page","link":"https:\/\/blog.arminaugustalexander.de\/?page_id=3950","title":{"rendered":"Galerien \u00b7 Kategorien"},"content":{"rendered":"<div class=\"album-uebersicht\">\n<div class=\"illustration\"><img decoding=\"async\" src=\"wp-content\/gallery\/gal-thumbs\/kat-architektur.jpg\" \/><\/div>\n<p><a href=\"?page_id=3952\">Architektur<\/a><\/p>\n<\/div>\n<div class=\"album-uebersicht\">\n<div class=\"illustration-rechts\"><img decoding=\"async\" src=\"wp-content\/gallery\/gal-thumbs\/kat-fruehe.jpg\" \/><\/div>\n<p><a href=\"?page_id=3975\">Fr\u00fche Arbeiten<\/a><br \/>\n<em>Fr\u00fche Photoarbeiten<\/em><\/p>\n<\/div>\n<div class=\"album-uebersicht\">\n<div class=\"illustration\"><img decoding=\"async\" src=\"wp-content\/gallery\/gal-thumbs\/konzeptuell-cat.jpg\" \/><\/div>\n<p><a href=\"?page_id=4905\">Konzeptuelles<\/a><\/p>\n<\/div>\n<div class=\"album-uebersicht\">\n<div class=\"illustration-rechts\"><img decoding=\"async\" src=\"wp-content\/gallery\/gal-thumbs\/kat-landschaft.jpg\" \/><\/div>\n<p><a href=\"?page_id=3977\">Landschaft<\/a><\/p>\n<\/div>\n<div class=\"album-uebersicht\">\n<div class=\"illustration\"><img decoding=\"async\" src=\"wp-content\/gallery\/gal-thumbs\/kat-nacht.jpg\" \/><\/div>\n<p><a href=\"?page_id=3979\">Nachtaufnahmen<\/a><\/p>\n<\/div>\n<div class=\"album-uebersicht\">\n<div class=\"illustration-rechts\"><img decoding=\"async\" src=\"wp-content\/gallery\/gal-thumbs\/kat-park.jpg\" \/><\/div>\n<p><a href=\"?page_id=3981\">Park-Impressionen<\/a><\/p>\n<\/div>\n<div class=\"album-uebersicht\">\n<div class=\"illustration\"><img decoding=\"async\" src=\"wp-content\/gallery\/gal-thumbs\/kat-stadt.jpg\" \/><\/div>\n<p><a href=\"?page_id=3983\">Stadt-Ansichten<\/a><br \/>\n<em>Impression aus den St\u00e4dten<\/em><\/p>\n<\/div>\n","protected":false},"excerpt":{"rendered":"<p>Architektur Fr\u00fche Arbeiten Fr\u00fche Photoarbeiten Konzeptuelles Landschaft Nachtaufnahmen Park-Impressionen Stadt-Ansichten Impression aus den St\u00e4dten<\/p>\n","protected":false},"author":1,"featured_media":0,"parent":0,"menu_order":0,"comment_status":"closed","ping_status":"closed","template":"","meta":{"pgc_sgb_lightbox_settings":"","_themeisle_gutenberg_block_has_review":false,"footnotes":""},"class_list":["post-3950","page","type-page","status-publish","hentry"],"_links":{"self":[{"href":"https:\/\/blog.arminaugustalexander.de\/index.php?rest_route=\/wp\/v2\/pages\/3950","targetHints":{"allow":["GET"]}}],"collection":[{"href":"https:\/\/blog.arminaugustalexander.de\/index.php?rest_route=\/wp\/v2\/pages"}],"about":[{"href":"https:\/\/blog.arminaugustalexander.de\/index.php?rest_route=\/wp\/v2\/types\/page"}],"author":[{"embeddable":true,"href":"https:\/\/blog.arminaugustalexander.de\/index.php?rest_route=\/wp\/v2\/users\/1"}],"replies":[{"embeddable":true,"href":"https:\/\/blog.arminaugustalexander.de\/index.php?rest_route=%2Fwp%2Fv2%2Fcomments&post=3950"}],"version-history":[{"count":1,"href":"https:\/\/blog.arminaugustalexander.de\/index.php?rest_route=\/wp\/v2\/pages\/3950\/revisions"}],"predecessor-version":[{"id":6624,"href":"https:\/\/blog.arminaugustalexander.de\/index.php?rest_route=\/wp\/v2\/pages\/3950\/revisions\/6624"}],"wp:attachment":[{"href":"https:\/\/blog.arminaugustalexander.de\/index.php?rest_route=%2Fwp%2Fv2%2Fmedia&parent=3950"}],"curies":[{"name":"wp","href":"https:\/\/api.w.org\/{rel}","templated":true}]}}