{"id":3952,"date":"2017-03-23T11:33:17","date_gmt":"2017-03-23T10:33:17","guid":{"rendered":"http:\/\/blog.arminaugustalexander.de\/?page_id=3952"},"modified":"2026-03-29T21:56:28","modified_gmt":"2026-03-29T19:56:28","slug":"galerien-architektur","status":"publish","type":"page","link":"https:\/\/blog.arminaugustalexander.de\/?page_id=3952","title":{"rendered":"Galerien \u00b7 Architektur"},"content":{"rendered":"<div class=\"album-uebersicht\">\n<div class=\"illustration-rechts\"><img decoding=\"async\" src=\"wp-content\/gallery\/gal-thumbs\/album-haeuser-01.jpg\" \/><\/div>\n<p><a href=\"?page_id=6130\">Fassaden<\/a><\/p>\n<\/div>\n<div class=\"album-uebersicht\">\n<div class=\"illustration\"><img decoding=\"async\" src=\"wp-content\/gallery\/gal-thumbs\/album-lager-bruecke.jpg\" \/><\/div>\n<p><a href=\"?page_id=3956\">Br\u00fcckenlager<\/a><br \/>Die Lager einer klassischen Eisenbahnbr\u00fccke aus Stahl in SW<\/p>\n<\/div>\n<div class=\"album-uebersicht\">\n<div class=\"illustration-rechts\"><img decoding=\"async\" src=\"wp-content\/gallery\/gal-thumbs\/album-eingang.jpg\" \/><\/div>\n<p><a href=\"?page_id=4171\">Eing\u00e4nge<\/a><\/p>\n<\/div>\n<div class=\"album-uebersicht\">\n<div class=\"illustration\"><img decoding=\"async\" src=\"wp-content\/gallery\/gal-thumbs\/olivandenhof-album.jpg\" \/><\/div>\n<p><a href=\"?page_id=5373\">Olivandenhof, K\u00f6ln 1989<\/a><\/p>\n<\/div>\n\n\n<p><\/p>\n","protected":false},"excerpt":{"rendered":"<p>Fassaden Br\u00fcckenlagerDie Lager einer klassischen Eisenbahnbr\u00fccke aus Stahl in SW Eing\u00e4nge Olivandenhof, K\u00f6ln 1989<\/p>\n","protected":false},"author":1,"featured_media":0,"parent":3950,"menu_order":0,"comment_status":"closed","ping_status":"closed","template":"","meta":{"pgc_sgb_lightbox_settings":"","_themeisle_gutenberg_block_has_review":false,"footnotes":""},"class_list":["post-3952","page","type-page","status-publish","hentry"],"_links":{"self":[{"href":"https:\/\/blog.arminaugustalexander.de\/index.php?rest_route=\/wp\/v2\/pages\/3952","targetHints":{"allow":["GET"]}}],"collection":[{"href":"https:\/\/blog.arminaugustalexander.de\/index.php?rest_route=\/wp\/v2\/pages"}],"about":[{"href":"https:\/\/blog.arminaugustalexander.de\/index.php?rest_route=\/wp\/v2\/types\/page"}],"author":[{"embeddable":true,"href":"https:\/\/blog.arminaugustalexander.de\/index.php?rest_route=\/wp\/v2\/users\/1"}],"replies":[{"embeddable":true,"href":"https:\/\/blog.arminaugustalexander.de\/index.php?rest_route=%2Fwp%2Fv2%2Fcomments&post=3952"}],"version-history":[{"count":2,"href":"https:\/\/blog.arminaugustalexander.de\/index.php?rest_route=\/wp\/v2\/pages\/3952\/revisions"}],"predecessor-version":[{"id":6627,"href":"https:\/\/blog.arminaugustalexander.de\/index.php?rest_route=\/wp\/v2\/pages\/3952\/revisions\/6627"}],"up":[{"embeddable":true,"href":"https:\/\/blog.arminaugustalexander.de\/index.php?rest_route=\/wp\/v2\/pages\/3950"}],"wp:attachment":[{"href":"https:\/\/blog.arminaugustalexander.de\/index.php?rest_route=%2Fwp%2Fv2%2Fmedia&parent=3952"}],"curies":[{"name":"wp","href":"https:\/\/api.w.org\/{rel}","templated":true}]}}