{"id":3981,"date":"2017-03-23T13:12:31","date_gmt":"2017-03-23T12:12:31","guid":{"rendered":"http:\/\/blog.arminaugustalexander.de\/?page_id=3981"},"modified":"2026-03-29T22:01:10","modified_gmt":"2026-03-29T20:01:10","slug":"galerien-park-impressionen","status":"publish","type":"page","link":"https:\/\/blog.arminaugustalexander.de\/?page_id=3981","title":{"rendered":"Galerien \u00b7 Park-Impressionen"},"content":{"rendered":"<div class=\"album-uebersicht\">\n<div class=\"illustration-rechts\"><img decoding=\"async\" src=\"wp-content\/gallery\/gal-thumbs\/rheinpark-2-album.jpg\" \/><\/div>\n<p><a href=\"?page_id=6037\">Rheinpark, K\u00f6ln, Sp\u00e4therbst<\/a><\/p>\n<\/div>\n<div class=\"album-uebersicht\">\n<div class=\"illustration\"><img decoding=\"async\" src=\"wp-content\/gallery\/gal-thumbs\/album-rheinpark-1.jpg\" \/><\/div>\n<p><a href=\"?page_id=4348\">Rheinpark, K\u00f6ln<\/a><\/p>\n<\/div>\n<div class=\"album-uebersicht\">\n<div class=\"illustration-rechts\"><img decoding=\"async\" src=\"wp-content\/gallery\/gal-thumbs\/album-klettenbergpark-2.jpg\" \/><\/div>\n<p><a href=\"?page_id=4410\">Klettenberg Park II, K\u00f6ln<\/a><\/p>\n<\/div>\n<div class=\"album-uebersicht\">\n<div class=\"illustration\"><img decoding=\"async\" src=\"wp-content\/gallery\/gal-thumbs\/album-deckstein.jpg\" \/><\/div>\n<p><a href=\"?page_id=4429\">Decksteiner Weiher, K\u00f6ln<\/a><\/p>\n<\/div>\n<div class=\"album-uebersicht\">\n<div class=\"illustration-rechts\"><img decoding=\"async\" src=\"wp-content\/gallery\/gal-thumbs\/album-park-muelheim.jpg\" \/><\/div>\n<p><a href=\"?page_id=4451\">K\u00f6ln-M\u00fclheim<\/a><\/p>\n<\/div>\n<div class=\"album-uebersicht\">\n<div class=\"illustration\"><img decoding=\"async\" src=\"wp-content\/gallery\/gal-thumbs\/album-park-stammheim.jpg\" \/><\/div>\n<p><a href=\"?page_id=4482\">Skulpturen- &amp; Schlo\u00dfpark Stammheim, K\u00f6ln<\/a><\/p>\n<\/div>\n<div class=\"album-uebersicht\">\n<div class=\"illustration-rechts\"><img decoding=\"async\" src=\"wp-content\/gallery\/gal-thumbs\/album-clarenbach.jpg\" \/><\/div>\n<p><a href=\"?page_id=4516\">Clarenbachkanal, K\u00f6ln<\/a><br \/>\n<em>Der Clarenbachkanal liegt an der Universit\u00e4tsstra\u00dfe auf H\u00f6he vom Aachener Weiher<\/em><\/p>\n<\/div>\n<div class=\"album-uebersicht\">\n<div class=\"illustration\"><img decoding=\"async\" src=\"wp-content\/gallery\/gal-thumbs\/album-bluecherpark.jpg\" \/><\/div>\n<p><a href=\"?page_id=4538\">Bl\u00f6cher-Park, K\u00f6ln<\/a><\/p>\n<\/div>\n<div class=\"album-uebersicht\">\n<div class=\"illustration-rechts\"><img decoding=\"async\" src=\"wp-content\/gallery\/gal-thumbs\/album-klettenbergpark-1.jpg\" \/><\/div>\n<p><a href=\"?page_id=4583\">Klettenbergpark, K\u00f6ln<\/a><\/p>\n<\/div>\n","protected":false},"excerpt":{"rendered":"<p>Rheinpark, K\u00f6ln, Sp\u00e4therbst Rheinpark, K\u00f6ln Klettenberg Park II, K\u00f6ln Decksteiner Weiher, K\u00f6ln K\u00f6ln-M\u00fclheim Skulpturen- &amp; Schlo\u00dfpark Stammheim, K\u00f6ln Clarenbachkanal, K\u00f6ln Der Clarenbachkanal liegt an der Universit\u00e4tsstra\u00dfe auf H\u00f6he vom Aachener Weiher Bl\u00f6cher-Park, K\u00f6ln Klettenbergpark, K\u00f6ln<\/p>\n","protected":false},"author":1,"featured_media":0,"parent":3950,"menu_order":0,"comment_status":"closed","ping_status":"closed","template":"","meta":{"pgc_sgb_lightbox_settings":"","_themeisle_gutenberg_block_has_review":false,"footnotes":""},"class_list":["post-3981","page","type-page","status-publish","hentry"],"_links":{"self":[{"href":"https:\/\/blog.arminaugustalexander.de\/index.php?rest_route=\/wp\/v2\/pages\/3981","targetHints":{"allow":["GET"]}}],"collection":[{"href":"https:\/\/blog.arminaugustalexander.de\/index.php?rest_route=\/wp\/v2\/pages"}],"about":[{"href":"https:\/\/blog.arminaugustalexander.de\/index.php?rest_route=\/wp\/v2\/types\/page"}],"author":[{"embeddable":true,"href":"https:\/\/blog.arminaugustalexander.de\/index.php?rest_route=\/wp\/v2\/users\/1"}],"replies":[{"embeddable":true,"href":"https:\/\/blog.arminaugustalexander.de\/index.php?rest_route=%2Fwp%2Fv2%2Fcomments&post=3981"}],"version-history":[{"count":1,"href":"https:\/\/blog.arminaugustalexander.de\/index.php?rest_route=\/wp\/v2\/pages\/3981\/revisions"}],"predecessor-version":[{"id":6631,"href":"https:\/\/blog.arminaugustalexander.de\/index.php?rest_route=\/wp\/v2\/pages\/3981\/revisions\/6631"}],"up":[{"embeddable":true,"href":"https:\/\/blog.arminaugustalexander.de\/index.php?rest_route=\/wp\/v2\/pages\/3950"}],"wp:attachment":[{"href":"https:\/\/blog.arminaugustalexander.de\/index.php?rest_route=%2Fwp%2Fv2%2Fmedia&parent=3981"}],"curies":[{"name":"wp","href":"https:\/\/api.w.org\/{rel}","templated":true}]}}