{"id":3983,"date":"2017-03-23T13:13:08","date_gmt":"2017-03-23T12:13:08","guid":{"rendered":"http:\/\/blog.arminaugustalexander.de\/?page_id=3983"},"modified":"2026-04-03T17:50:46","modified_gmt":"2026-04-03T15:50:46","slug":"galerien-stadt-ansichten","status":"publish","type":"page","link":"https:\/\/blog.arminaugustalexander.de\/?page_id=3983","title":{"rendered":"Galerien \u00b7 Stadt-Ansichten"},"content":{"rendered":"<div class=\"album-uebersicht\">\n<div class=\"illustration\"><img decoding=\"async\" src=\"https:\/\/blog.arminaugustalexander.de\/wp-content\/gallery\/gal-thumbs\/album-khd-alt-3.jpg\" \/><\/div>\n<p><a href=\"?page_id=5641\">Altes Industriegebiet, K\u00f6ln M\u00fclheim<\/a><br \/>\n<em>Teil 3, Farbe<\/em><\/p>\n<\/div>\n<div class=\"album-uebersicht\">\n<div class=\"illustration-rechts\"><img decoding=\"async\" src=\"https:\/\/blog.arminaugustalexander.de\/wp-content\/gallery\/gal-thumbs\/album-khd-alt-2.jpg\" \/><\/div>\n<p><a href=\"?page_id=5606\">Altes Industriegebiet, K\u00f6ln M\u00fclheim<\/a><br \/>\n<em>Teil 2, Farbe<\/em><\/p>\n<\/div>\n<div class=\"album-uebersicht\">\n<div class=\"illustration\"><img decoding=\"async\" src=\"https:\/\/blog.arminaugustalexander.de\/wp-content\/gallery\/gal-thumbs\/album-khd-alt.jpg\" \/><\/div>\n<p><a href=\"?page_id=5573\">Altes Industriegebiet, K\u00f6ln M\u00fclheim<\/a><br \/>\n<em>Teil 1, SW<\/em><\/p>\n<\/div>\n<div class=\"album-uebersicht\">\n<div class=\"illustration-rechts\"><img decoding=\"async\" src=\"https:\/\/blog.arminaugustalexander.de\/wp-content\/gallery\/gal-thumbs\/album-fort-x.jpg\" \/><\/div>\n<p><a href=\"?page_id=4601\">Fort X, K\u00f6ln<\/a><\/p>\n<\/div>\n<div class=\"album-uebersicht\">\n<div class=\"illustration\"><img decoding=\"async\" src=\"https:\/\/blog.arminaugustalexander.de\/wp-content\/gallery\/gal-thumbs\/album-zuendorf-farbe.jpg\" \/><\/div>\n<p><a href=\"?page_id=4005\">Alt-Z\u00fcndorf 2007 #2<\/a><br \/>\n<em>Impressionen aus dem historischen Teil Z\u00fcndorfs in Farbe<\/em><\/p>\n<\/div>\n<div class=\"album-uebersicht\">\n<div class=\"illustration-rechts\"><img decoding=\"async\" src=\"https:\/\/blog.arminaugustalexander.de\/wp-content\/gallery\/gal-thumbs\/album-zuendorf-sw.jpg\" \/><\/div>\n<p><a href=\"?page_id=4037\">Alt-Z\u00fcndorf 2007<\/a><br \/>\n<em>Impressionen aus dem historischen Teil Z\u00fcndorfs<\/em><\/p>\n<\/div>\n<div class=\"album-uebersicht\">\n<div class=\"illustration\"><img decoding=\"async\" src=\"https:\/\/blog.arminaugustalexander.de\/wp-content\/gallery\/gal-thumbs\/album-xanten-2001.jpg\" \/><\/div>\n<p><a href=\"?page_id=4061\">Dom zu Xanten 2001<\/a><\/p>\n<\/div>\n<div class=\"album-uebersicht\">\n<div class=\"illustration-rechts\"><img decoding=\"async\" src=\"https:\/\/blog.arminaugustalexander.de\/wp-content\/gallery\/gal-thumbs\/album-schloss-wahn.jpg\" \/><\/div>\n<p><a href=\"?page_id=4076\">Schlo\u00df Wahn 2007<\/a><br \/>\n<em>Impressionen<\/em><\/p>\n<\/div>\n<div class=\"album-uebersicht\">\n<div class=\"illustration\"><img decoding=\"async\" src=\"https:\/\/blog.arminaugustalexander.de\/wp-content\/gallery\/gal-thumbs\/album-porz-4-1988.jpg\" \/><\/div>\n<p><a href=\"?page_id=4093\">Porz April 1988<\/a><\/p>\n<\/div>\n<div class=\"album-uebersicht\">\n<div class=\"illustration-rechts\"><img decoding=\"async\" src=\"https:\/\/blog.arminaugustalexander.de\/wp-content\/gallery\/gal-thumbs\/album-klettenberg-2002.jpg\" \/><\/div>\n<p><a href=\"?page_id=4103\">Klettenberg 2002<\/a><\/p>\n<\/div>\n<div class=\"album-uebersicht\">\n<div class=\"illustration\"><img decoding=\"async\" src=\"https:\/\/blog.arminaugustalexander.de\/wp-content\/gallery\/gal-thumbs\/album-xanten-1985.jpg\" \/><\/div>\n<p><a href=\"?page_id=4119\">Xanten 1985<\/a><\/p>\n<\/div>\n<div class=\"album-uebersicht\">\n<div class=\"illustration-rechts\"><img decoding=\"async\" src=\"https:\/\/blog.arminaugustalexander.de\/wp-content\/gallery\/gal-thumbs\/album-wanne-1982.jpg\" \/><\/div>\n<p><a href=\"?page_id=4128\">Wanne-Eickel April 1982<\/a><\/p>\n<\/div>\n<div class=\"album-uebersicht\">\n<div class=\"illustration\"><img decoding=\"async\" src=\"https:\/\/blog.arminaugustalexander.de\/wp-content\/gallery\/gal-thumbs\/album-gereon.jpg\" \/><\/div>\n<p><a href=\"?page_id=4180\">Bahnhof Gereon 1988<\/a><\/p>\n<\/div>\n<div class=\"album-uebersicht\">\n<div class=\"illustration-rechts\"><img decoding=\"async\" src=\"https:\/\/blog.arminaugustalexander.de\/wp-content\/gallery\/gal-thumbs\/album-stadt-02.jpg\" \/><\/div>\n<p><a href=\"?page_id=4200\">Stadt-02<\/a><\/p>\n<\/div>\n<div class=\"album-uebersicht\">\n<div class=\"illustration\"><img decoding=\"async\" src=\"https:\/\/blog.arminaugustalexander.de\/wp-content\/gallery\/gal-thumbs\/album-14012007.jpg\" \/><\/div>\n<p><a href=\"?page_id=4210\">14.01.2007<\/a><br \/>\n<em>Sonntagmorgen 9:30<\/em><\/p>\n<\/div>\n","protected":false},"excerpt":{"rendered":"<p>Altes Industriegebiet, K\u00f6ln M\u00fclheim Teil 3, Farbe Altes Industriegebiet, K\u00f6ln M\u00fclheim Teil 2, Farbe Altes Industriegebiet, K\u00f6ln M\u00fclheim Teil 1, SW Fort X, K\u00f6ln Alt-Z\u00fcndorf 2007 #2 Impressionen aus dem historischen Teil Z\u00fcndorfs in Farbe Alt-Z\u00fcndorf 2007 Impressionen aus dem historischen Teil Z\u00fcndorfs Dom zu Xanten 2001 Schlo\u00df Wahn 2007 Impressionen Porz April 1988 Klettenberg [&hellip;]<\/p>\n","protected":false},"author":1,"featured_media":0,"parent":3950,"menu_order":0,"comment_status":"closed","ping_status":"closed","template":"","meta":{"pgc_sgb_lightbox_settings":"","_themeisle_gutenberg_block_has_review":false,"footnotes":""},"class_list":["post-3983","page","type-page","status-publish","hentry"],"_links":{"self":[{"href":"https:\/\/blog.arminaugustalexander.de\/index.php?rest_route=\/wp\/v2\/pages\/3983","targetHints":{"allow":["GET"]}}],"collection":[{"href":"https:\/\/blog.arminaugustalexander.de\/index.php?rest_route=\/wp\/v2\/pages"}],"about":[{"href":"https:\/\/blog.arminaugustalexander.de\/index.php?rest_route=\/wp\/v2\/types\/page"}],"author":[{"embeddable":true,"href":"https:\/\/blog.arminaugustalexander.de\/index.php?rest_route=\/wp\/v2\/users\/1"}],"replies":[{"embeddable":true,"href":"https:\/\/blog.arminaugustalexander.de\/index.php?rest_route=%2Fwp%2Fv2%2Fcomments&post=3983"}],"version-history":[{"count":2,"href":"https:\/\/blog.arminaugustalexander.de\/index.php?rest_route=\/wp\/v2\/pages\/3983\/revisions"}],"predecessor-version":[{"id":8131,"href":"https:\/\/blog.arminaugustalexander.de\/index.php?rest_route=\/wp\/v2\/pages\/3983\/revisions\/8131"}],"up":[{"embeddable":true,"href":"https:\/\/blog.arminaugustalexander.de\/index.php?rest_route=\/wp\/v2\/pages\/3950"}],"wp:attachment":[{"href":"https:\/\/blog.arminaugustalexander.de\/index.php?rest_route=%2Fwp%2Fv2%2Fmedia&parent=3983"}],"curies":[{"name":"wp","href":"https:\/\/api.w.org\/{rel}","templated":true}]}}