{"id":4076,"date":"2017-03-23T14:20:45","date_gmt":"2017-03-23T13:20:45","guid":{"rendered":"http:\/\/blog.arminaugustalexander.de\/?page_id=4076"},"modified":"2026-04-01T15:36:06","modified_gmt":"2026-04-01T13:36:06","slug":"galerie-schloss-wahn-2007","status":"publish","type":"page","link":"https:\/\/blog.arminaugustalexander.de\/?page_id=4076","title":{"rendered":"Galerie \u00b7 Schlo\u00df Wahn \u00b7 2007"},"content":{"rendered":"<div class=\"pgc-sgb-cb wp-block-pgcsimplygalleryblock-grid \" data-gallery-id=\"ca849814\"><div class=\"sgb-preloader\" id=\"pr_ca849814\">\n\t<div class=\"sgb-square\" style=\"background:#d4d4d4\"><\/div>\n\t<div class=\"sgb-square\" style=\"background:#d4d4d4\"><\/div>\n\t<div class=\"sgb-square\" style=\"background:#d4d4d4\"><\/div>\n\t<div class=\"sgb-square\" style=\"background:#d4d4d4\"><\/div><\/div><div class=\"simply-gallery-amp pgc_sgb_slider \"><noscript><div class=\"sgb-gallery\"><div class=\"sgb-item\"><a href=\"https:\/\/blog.arminaugustalexander.de\/?attachment_id=7615\" target=\"_blank\"><img decoding=\"async\" alt=\"\" width=\"197\" height=\"300\" loading=\"lazy\" src=\"https:\/\/blog.arminaugustalexander.de\/wp-content\/uploads\/2026\/04\/170_0009-197x300.jpg\" srcset=\"https:\/\/blog.arminaugustalexander.de\/wp-content\/uploads\/2026\/04\/170_0009-197x300.jpg 197w,https:\/\/blog.arminaugustalexander.de\/wp-content\/uploads\/2026\/04\/170_0009.jpg 658w\" sizes=\"auto, 250px\"\/><\/a><\/div><div class=\"sgb-item\"><a href=\"https:\/\/blog.arminaugustalexander.de\/?attachment_id=7616\" target=\"_blank\"><img decoding=\"async\" alt=\"\" width=\"196\" height=\"300\" loading=\"lazy\" src=\"https:\/\/blog.arminaugustalexander.de\/wp-content\/uploads\/2026\/04\/170_0010-196x300.jpg\" srcset=\"https:\/\/blog.arminaugustalexander.de\/wp-content\/uploads\/2026\/04\/170_0010-196x300.jpg 196w,https:\/\/blog.arminaugustalexander.de\/wp-content\/uploads\/2026\/04\/170_0010.jpg 654w\" sizes=\"auto, 250px\"\/><\/a><\/div><div class=\"sgb-item\"><a href=\"https:\/\/blog.arminaugustalexander.de\/?attachment_id=7618\" target=\"_blank\"><img decoding=\"async\" alt=\"\" width=\"197\" height=\"300\" loading=\"lazy\" src=\"https:\/\/blog.arminaugustalexander.de\/wp-content\/uploads\/2026\/04\/170_0011-197x300.jpg\" srcset=\"https:\/\/blog.arminaugustalexander.de\/wp-content\/uploads\/2026\/04\/170_0011-197x300.jpg 197w,https:\/\/blog.arminaugustalexander.de\/wp-content\/uploads\/2026\/04\/170_0011.jpg 658w\" sizes=\"auto, 250px\"\/><\/a><\/div><div class=\"sgb-item\"><a href=\"https:\/\/blog.arminaugustalexander.de\/?attachment_id=7621\" target=\"_blank\"><img decoding=\"async\" alt=\"\" width=\"300\" height=\"199\" loading=\"lazy\" src=\"https:\/\/blog.arminaugustalexander.de\/wp-content\/uploads\/2026\/04\/170_0012-300x199.jpg\" srcset=\"https:\/\/blog.arminaugustalexander.de\/wp-content\/uploads\/2026\/04\/170_0012-300x199.jpg 300w,https:\/\/blog.arminaugustalexander.de\/wp-content\/uploads\/2026\/04\/170_0012.jpg 1000w\" sizes=\"auto, 250px\"\/><\/a><\/div><div class=\"sgb-item\"><a href=\"https:\/\/blog.arminaugustalexander.de\/?attachment_id=7622\" target=\"_blank\"><img decoding=\"async\" alt=\"\" width=\"197\" height=\"300\" loading=\"lazy\" src=\"https:\/\/blog.arminaugustalexander.de\/wp-content\/uploads\/2026\/04\/170_0013-197x300.jpg\" srcset=\"https:\/\/blog.arminaugustalexander.de\/wp-content\/uploads\/2026\/04\/170_0013-197x300.jpg 197w,https:\/\/blog.arminaugustalexander.de\/wp-content\/uploads\/2026\/04\/170_0013.jpg 658w\" sizes=\"auto, 250px\"\/><\/a><\/div><div class=\"sgb-item\"><a href=\"https:\/\/blog.arminaugustalexander.de\/?attachment_id=7617\" target=\"_blank\"><img decoding=\"async\" alt=\"\" width=\"199\" height=\"300\" loading=\"lazy\" src=\"https:\/\/blog.arminaugustalexander.de\/wp-content\/uploads\/2026\/04\/170_0016-199x300.jpg\" srcset=\"https:\/\/blog.arminaugustalexander.de\/wp-content\/uploads\/2026\/04\/170_0016-199x300.jpg 199w,https:\/\/blog.arminaugustalexander.de\/wp-content\/uploads\/2026\/04\/170_0016.jpg 663w\" sizes=\"auto, 250px\"\/><\/a><\/div><div class=\"sgb-item\"><a href=\"https:\/\/blog.arminaugustalexander.de\/?attachment_id=7619\" target=\"_blank\"><img decoding=\"async\" alt=\"\" width=\"300\" height=\"200\" loading=\"lazy\" src=\"https:\/\/blog.arminaugustalexander.de\/wp-content\/uploads\/2026\/04\/170_0018-300x200.jpg\" srcset=\"https:\/\/blog.arminaugustalexander.de\/wp-content\/uploads\/2026\/04\/170_0018-300x200.jpg 300w,https:\/\/blog.arminaugustalexander.de\/wp-content\/uploads\/2026\/04\/170_0018.jpg 1000w\" sizes=\"auto, 250px\"\/><\/a><\/div><div class=\"sgb-item\"><a href=\"https:\/\/blog.arminaugustalexander.de\/?attachment_id=7620\" target=\"_blank\"><img decoding=\"async\" alt=\"\" width=\"300\" height=\"199\" loading=\"lazy\" src=\"https:\/\/blog.arminaugustalexander.de\/wp-content\/uploads\/2026\/04\/170_0021-300x199.jpg\" srcset=\"https:\/\/blog.arminaugustalexander.de\/wp-content\/uploads\/2026\/04\/170_0021-300x199.jpg 300w,https:\/\/blog.arminaugustalexander.de\/wp-content\/uploads\/2026\/04\/170_0021.jpg 1000w\" sizes=\"auto, 250px\"\/><\/a><\/div><\/div><\/noscript><\/div><script type=\"application\/json\" class=\"sgb-data\">{\"collectionColumns\":5,\"collectionThumbRecomendedWidth\":150,\"thumbSpacing\":16,\"externalLink\":false,\"captions\":false,\"collectionThumbSubMenuDownload\":false,\"collectionThumbSubMenuShare\":false,\"galleryType\":\"pgc_sgb_grid\",\"galleryId\":\"ca849814\",\"images\":[{\"id\":7615,\"title\":\"170_0009\",\"url\":\"https:\/\/blog.arminaugustalexander.de\/wp-content\/uploads\/2026\/04\/170_0009.jpg\",\"link\":\"https:\/\/blog.arminaugustalexander.de\/?attachment_id=7615\",\"alt\":\"\",\"description\":\"\",\"caption\":\"\",\"mime\":\"image\/jpeg\",\"type\":\"image\",\"width\":658,\"height\":1000,\"sizes\":{\"thumbnail\":{\"height\":150,\"width\":150,\"url\":\"https:\/\/blog.arminaugustalexander.de\/wp-content\/uploads\/2026\/04\/170_0009-150x150.jpg\",\"orientation\":\"landscape\"},\"medium\":{\"height\":300,\"width\":197,\"url\":\"https:\/\/blog.arminaugustalexander.de\/wp-content\/uploads\/2026\/04\/170_0009-197x300.jpg\",\"orientation\":\"portrait\"},\"full\":{\"url\":\"https:\/\/blog.arminaugustalexander.de\/wp-content\/uploads\/2026\/04\/170_0009.jpg\",\"height\":1000,\"width\":658,\"orientation\":\"portrait\"}},\"imageMeta\":{\"aperture\":\"0\",\"credit\":\"\",\"camera\":\"\",\"caption\":\"\",\"created_timestamp\":\"0\",\"copyright\":\"\",\"focal_length\":\"0\",\"iso\":\"0\",\"shutter_speed\":\"0\",\"title\":\"\",\"orientation\":\"1\",\"keywords\":[]},\"meta\":false,\"postlink\":\"https:\/\/blog.arminaugustalexander.de\/?attachment_id=7615\"},{\"id\":7616,\"title\":\"170_0010\",\"url\":\"https:\/\/blog.arminaugustalexander.de\/wp-content\/uploads\/2026\/04\/170_0010.jpg\",\"link\":\"https:\/\/blog.arminaugustalexander.de\/?attachment_id=7616\",\"alt\":\"\",\"description\":\"\",\"caption\":\"\",\"mime\":\"image\/jpeg\",\"type\":\"image\",\"width\":654,\"height\":1000,\"sizes\":{\"thumbnail\":{\"height\":150,\"width\":150,\"url\":\"https:\/\/blog.arminaugustalexander.de\/wp-content\/uploads\/2026\/04\/170_0010-150x150.jpg\",\"orientation\":\"landscape\"},\"medium\":{\"height\":300,\"width\":196,\"url\":\"https:\/\/blog.arminaugustalexander.de\/wp-content\/uploads\/2026\/04\/170_0010-196x300.jpg\",\"orientation\":\"portrait\"},\"full\":{\"url\":\"https:\/\/blog.arminaugustalexander.de\/wp-content\/uploads\/2026\/04\/170_0010.jpg\",\"height\":1000,\"width\":654,\"orientation\":\"portrait\"}},\"imageMeta\":{\"aperture\":\"0\",\"credit\":\"\",\"camera\":\"\",\"caption\":\"\",\"created_timestamp\":\"0\",\"copyright\":\"\",\"focal_length\":\"0\",\"iso\":\"0\",\"shutter_speed\":\"0\",\"title\":\"\",\"orientation\":\"0\",\"keywords\":[]},\"meta\":false,\"postlink\":\"https:\/\/blog.arminaugustalexander.de\/?attachment_id=7616\"},{\"id\":7618,\"title\":\"170_0011\",\"url\":\"https:\/\/blog.arminaugustalexander.de\/wp-content\/uploads\/2026\/04\/170_0011.jpg\",\"link\":\"https:\/\/blog.arminaugustalexander.de\/?attachment_id=7618\",\"alt\":\"\",\"description\":\"\",\"caption\":\"\",\"mime\":\"image\/jpeg\",\"type\":\"image\",\"width\":658,\"height\":1000,\"sizes\":{\"thumbnail\":{\"height\":150,\"width\":150,\"url\":\"https:\/\/blog.arminaugustalexander.de\/wp-content\/uploads\/2026\/04\/170_0011-150x150.jpg\",\"orientation\":\"landscape\"},\"medium\":{\"height\":300,\"width\":197,\"url\":\"https:\/\/blog.arminaugustalexander.de\/wp-content\/uploads\/2026\/04\/170_0011-197x300.jpg\",\"orientation\":\"portrait\"},\"full\":{\"url\":\"https:\/\/blog.arminaugustalexander.de\/wp-content\/uploads\/2026\/04\/170_0011.jpg\",\"height\":1000,\"width\":658,\"orientation\":\"portrait\"}},\"imageMeta\":{\"aperture\":\"0\",\"credit\":\"\",\"camera\":\"\",\"caption\":\"\",\"created_timestamp\":\"0\",\"copyright\":\"\",\"focal_length\":\"0\",\"iso\":\"0\",\"shutter_speed\":\"0\",\"title\":\"\",\"orientation\":\"0\",\"keywords\":[]},\"meta\":false,\"postlink\":\"https:\/\/blog.arminaugustalexander.de\/?attachment_id=7618\"},{\"id\":7621,\"title\":\"170_0012\",\"url\":\"https:\/\/blog.arminaugustalexander.de\/wp-content\/uploads\/2026\/04\/170_0012.jpg\",\"link\":\"https:\/\/blog.arminaugustalexander.de\/?attachment_id=7621\",\"alt\":\"\",\"description\":\"\",\"caption\":\"\",\"mime\":\"image\/jpeg\",\"type\":\"image\",\"width\":1000,\"height\":662,\"sizes\":{\"thumbnail\":{\"height\":150,\"width\":150,\"url\":\"https:\/\/blog.arminaugustalexander.de\/wp-content\/uploads\/2026\/04\/170_0012-150x150.jpg\",\"orientation\":\"landscape\"},\"medium\":{\"height\":199,\"width\":300,\"url\":\"https:\/\/blog.arminaugustalexander.de\/wp-content\/uploads\/2026\/04\/170_0012-300x199.jpg\",\"orientation\":\"landscape\"},\"full\":{\"url\":\"https:\/\/blog.arminaugustalexander.de\/wp-content\/uploads\/2026\/04\/170_0012.jpg\",\"height\":662,\"width\":1000,\"orientation\":\"landscape\"}},\"imageMeta\":{\"aperture\":\"0\",\"credit\":\"\",\"camera\":\"\",\"caption\":\"\",\"created_timestamp\":\"0\",\"copyright\":\"\",\"focal_length\":\"0\",\"iso\":\"0\",\"shutter_speed\":\"0\",\"title\":\"\",\"orientation\":\"0\",\"keywords\":[]},\"meta\":false,\"postlink\":\"https:\/\/blog.arminaugustalexander.de\/?attachment_id=7621\"},{\"id\":7622,\"title\":\"170_0013\",\"url\":\"https:\/\/blog.arminaugustalexander.de\/wp-content\/uploads\/2026\/04\/170_0013.jpg\",\"link\":\"https:\/\/blog.arminaugustalexander.de\/?attachment_id=7622\",\"alt\":\"\",\"description\":\"\",\"caption\":\"\",\"mime\":\"image\/jpeg\",\"type\":\"image\",\"width\":658,\"height\":1000,\"sizes\":{\"thumbnail\":{\"height\":150,\"width\":150,\"url\":\"https:\/\/blog.arminaugustalexander.de\/wp-content\/uploads\/2026\/04\/170_0013-150x150.jpg\",\"orientation\":\"landscape\"},\"medium\":{\"height\":300,\"width\":197,\"url\":\"https:\/\/blog.arminaugustalexander.de\/wp-content\/uploads\/2026\/04\/170_0013-197x300.jpg\",\"orientation\":\"portrait\"},\"full\":{\"url\":\"https:\/\/blog.arminaugustalexander.de\/wp-content\/uploads\/2026\/04\/170_0013.jpg\",\"height\":1000,\"width\":658,\"orientation\":\"portrait\"}},\"imageMeta\":{\"aperture\":\"0\",\"credit\":\"\",\"camera\":\"\",\"caption\":\"\",\"created_timestamp\":\"0\",\"copyright\":\"\",\"focal_length\":\"0\",\"iso\":\"0\",\"shutter_speed\":\"0\",\"title\":\"\",\"orientation\":\"0\",\"keywords\":[]},\"meta\":false,\"postlink\":\"https:\/\/blog.arminaugustalexander.de\/?attachment_id=7622\"},{\"id\":7617,\"title\":\"170_0016\",\"url\":\"https:\/\/blog.arminaugustalexander.de\/wp-content\/uploads\/2026\/04\/170_0016.jpg\",\"link\":\"https:\/\/blog.arminaugustalexander.de\/?attachment_id=7617\",\"alt\":\"\",\"description\":\"\",\"caption\":\"\",\"mime\":\"image\/jpeg\",\"type\":\"image\",\"width\":663,\"height\":1000,\"sizes\":{\"thumbnail\":{\"height\":150,\"width\":150,\"url\":\"https:\/\/blog.arminaugustalexander.de\/wp-content\/uploads\/2026\/04\/170_0016-150x150.jpg\",\"orientation\":\"landscape\"},\"medium\":{\"height\":300,\"width\":199,\"url\":\"https:\/\/blog.arminaugustalexander.de\/wp-content\/uploads\/2026\/04\/170_0016-199x300.jpg\",\"orientation\":\"portrait\"},\"full\":{\"url\":\"https:\/\/blog.arminaugustalexander.de\/wp-content\/uploads\/2026\/04\/170_0016.jpg\",\"height\":1000,\"width\":663,\"orientation\":\"portrait\"}},\"imageMeta\":{\"aperture\":\"0\",\"credit\":\"\",\"camera\":\"\",\"caption\":\"\",\"created_timestamp\":\"0\",\"copyright\":\"\",\"focal_length\":\"0\",\"iso\":\"0\",\"shutter_speed\":\"0\",\"title\":\"\",\"orientation\":\"0\",\"keywords\":[]},\"meta\":false,\"postlink\":\"https:\/\/blog.arminaugustalexander.de\/?attachment_id=7617\"},{\"id\":7619,\"title\":\"170_0018\",\"url\":\"https:\/\/blog.arminaugustalexander.de\/wp-content\/uploads\/2026\/04\/170_0018.jpg\",\"link\":\"https:\/\/blog.arminaugustalexander.de\/?attachment_id=7619\",\"alt\":\"\",\"description\":\"\",\"caption\":\"\",\"mime\":\"image\/jpeg\",\"type\":\"image\",\"width\":1000,\"height\":668,\"sizes\":{\"thumbnail\":{\"height\":150,\"width\":150,\"url\":\"https:\/\/blog.arminaugustalexander.de\/wp-content\/uploads\/2026\/04\/170_0018-150x150.jpg\",\"orientation\":\"landscape\"},\"medium\":{\"height\":200,\"width\":300,\"url\":\"https:\/\/blog.arminaugustalexander.de\/wp-content\/uploads\/2026\/04\/170_0018-300x200.jpg\",\"orientation\":\"landscape\"},\"full\":{\"url\":\"https:\/\/blog.arminaugustalexander.de\/wp-content\/uploads\/2026\/04\/170_0018.jpg\",\"height\":668,\"width\":1000,\"orientation\":\"landscape\"}},\"imageMeta\":{\"aperture\":\"0\",\"credit\":\"\",\"camera\":\"\",\"caption\":\"\",\"created_timestamp\":\"0\",\"copyright\":\"\",\"focal_length\":\"0\",\"iso\":\"0\",\"shutter_speed\":\"0\",\"title\":\"\",\"orientation\":\"0\",\"keywords\":[]},\"meta\":false,\"postlink\":\"https:\/\/blog.arminaugustalexander.de\/?attachment_id=7619\"},{\"id\":7620,\"title\":\"170_0021\",\"url\":\"https:\/\/blog.arminaugustalexander.de\/wp-content\/uploads\/2026\/04\/170_0021.jpg\",\"link\":\"https:\/\/blog.arminaugustalexander.de\/?attachment_id=7620\",\"alt\":\"\",\"description\":\"\",\"caption\":\"\",\"mime\":\"image\/jpeg\",\"type\":\"image\",\"width\":1000,\"height\":664,\"sizes\":{\"thumbnail\":{\"height\":150,\"width\":150,\"url\":\"https:\/\/blog.arminaugustalexander.de\/wp-content\/uploads\/2026\/04\/170_0021-150x150.jpg\",\"orientation\":\"landscape\"},\"medium\":{\"height\":199,\"width\":300,\"url\":\"https:\/\/blog.arminaugustalexander.de\/wp-content\/uploads\/2026\/04\/170_0021-300x199.jpg\",\"orientation\":\"landscape\"},\"full\":{\"url\":\"https:\/\/blog.arminaugustalexander.de\/wp-content\/uploads\/2026\/04\/170_0021.jpg\",\"height\":664,\"width\":1000,\"orientation\":\"landscape\"}},\"imageMeta\":{\"aperture\":\"0\",\"credit\":\"\",\"camera\":\"\",\"caption\":\"\",\"created_timestamp\":\"0\",\"copyright\":\"\",\"focal_length\":\"0\",\"iso\":\"0\",\"shutter_speed\":\"0\",\"title\":\"\",\"orientation\":\"0\",\"keywords\":[]},\"meta\":false,\"postlink\":\"https:\/\/blog.arminaugustalexander.de\/?attachment_id=7620\"}],\"orderBy\":\"title\",\"shareFacebook\":false,\"shareTwitter\":false,\"sharePinterest\":false,\"sliderItemDownload\":false,\"shareCopyLink\":false,\"sliderItemTitleEnable\":false,\"sliderSocialShareEnabled\":false,\"hasCustomCSS\":false,\"customCSS\":\"\",\"otterConditions\":[],\"itemsMetaDataCollection\":[]}<\/script><script>(function(){if(window.PGC_SGB && window.PGC_SGB.searcher){window.PGC_SGB.searcher.initBlocks()}})()<\/script><\/div>\n\n\n<p>\u00bbBereits 1358 als Hoff zu Wande urkundlich erw\u00e4hnt, entwickelte sich der Bau als rheinische Niederungsburg von einer Wasserburg mit Wohnturm, Torbau, Wassergraben und Vorburg zu einer sp\u00e4tbarocken Wohnanlage: 1522 gelangte das Anwesen in den Besitz der Familie derer von Zweiffel, die es im 17. Jh. wiederum der Familie Schall zu Bell vererbte. In seiner heutigen Form ist Schlo\u00df Wahn um die Mitte des 18. Jh. entstanden. Ferdinand Friedrich Graf von Schall zu Bell, Bergischer Landhofmeister, lie\u00df Wahn 1750 bis nach 1759 zu einer Vierfl\u00fcgelanlage umbauen mit einem Herrenhaus als Maison de Plaisance im Norden. Das Wahner Herrenhaus folgt als franz\u00f6sischer Geb\u00e4udetypus in Grundri\u00df und Aufri\u00df architektonischen Musterb\u00fcchern aus Frankreich. \u00ab[&#8230;]<br>\u00bbSeit 1947 ist das Schlo\u00df an die Universit\u00e4t zu K\u00f6ln vermietet, die die Raumlichkeiten der Theaterwissenschaftlichen Sammlung zur Verf\u00fcgung stellt. Die repr\u00e4sentativen R\u00e4ume des Haupthauses werden zudem von der Universit\u00e4t f\u00fcr Konzerte und akademische Veranstaltungen genutzt.\u00ab<br>Auszug der Beschreibung von der Homepage <a href=\"http:\/\/www.schloss-wahn.de\/2.html\" target=\"_blank\" rel=\"noopener\">Schlo\u00df Wahn -> Geschichte<\/a><\/p>\n\n\n\n<p>Die Galerie beinhaltet Impressionen eines Au\u00dfenrundgangs.<br>Aufgenommen am 13.4.2007.<\/p>\n\n\n\n<p><\/p>\n","protected":false},"excerpt":{"rendered":"<p>\u00bbBereits 1358 als Hoff zu Wande urkundlich erw\u00e4hnt, entwickelte sich der Bau als rheinische Niederungsburg von einer Wasserburg mit Wohnturm, Torbau, Wassergraben und Vorburg zu einer sp\u00e4tbarocken Wohnanlage: 1522 gelangte das Anwesen in den Besitz der Familie derer von Zweiffel, die es im 17. Jh. wiederum der Familie Schall zu Bell vererbte. In seiner heutigen [&hellip;]<\/p>\n","protected":false},"author":1,"featured_media":0,"parent":3983,"menu_order":0,"comment_status":"open","ping_status":"closed","template":"","meta":{"pgc_sgb_lightbox_settings":"","_themeisle_gutenberg_block_has_review":false,"footnotes":""},"class_list":["post-4076","page","type-page","status-publish","hentry"],"_links":{"self":[{"href":"https:\/\/blog.arminaugustalexander.de\/index.php?rest_route=\/wp\/v2\/pages\/4076","targetHints":{"allow":["GET"]}}],"collection":[{"href":"https:\/\/blog.arminaugustalexander.de\/index.php?rest_route=\/wp\/v2\/pages"}],"about":[{"href":"https:\/\/blog.arminaugustalexander.de\/index.php?rest_route=\/wp\/v2\/types\/page"}],"author":[{"embeddable":true,"href":"https:\/\/blog.arminaugustalexander.de\/index.php?rest_route=\/wp\/v2\/users\/1"}],"replies":[{"embeddable":true,"href":"https:\/\/blog.arminaugustalexander.de\/index.php?rest_route=%2Fwp%2Fv2%2Fcomments&post=4076"}],"version-history":[{"count":2,"href":"https:\/\/blog.arminaugustalexander.de\/index.php?rest_route=\/wp\/v2\/pages\/4076\/revisions"}],"predecessor-version":[{"id":7623,"href":"https:\/\/blog.arminaugustalexander.de\/index.php?rest_route=\/wp\/v2\/pages\/4076\/revisions\/7623"}],"up":[{"embeddable":true,"href":"https:\/\/blog.arminaugustalexander.de\/index.php?rest_route=\/wp\/v2\/pages\/3983"}],"wp:attachment":[{"href":"https:\/\/blog.arminaugustalexander.de\/index.php?rest_route=%2Fwp%2Fv2%2Fmedia&parent=4076"}],"curies":[{"name":"wp","href":"https:\/\/api.w.org\/{rel}","templated":true}]}}