{"id":4171,"date":"2017-03-23T14:33:44","date_gmt":"2017-03-23T13:33:44","guid":{"rendered":"http:\/\/blog.arminaugustalexander.de\/?page_id=4171"},"modified":"2026-03-29T21:43:28","modified_gmt":"2026-03-29T19:43:28","slug":"galerie-eingaenge","status":"publish","type":"page","link":"https:\/\/blog.arminaugustalexander.de\/?page_id=4171","title":{"rendered":"Galerie \u00b7 Eing\u00e4nge"},"content":{"rendered":"<div class=\"pgc-sgb-cb wp-block-pgcsimplygalleryblock-grid \" data-gallery-id=\"bb433143\"><div class=\"sgb-preloader\" id=\"pr_bb433143\">\n\t<div class=\"sgb-square\" style=\"background:#d4d4d4\"><\/div>\n\t<div class=\"sgb-square\" style=\"background:#d4d4d4\"><\/div>\n\t<div class=\"sgb-square\" style=\"background:#d4d4d4\"><\/div>\n\t<div class=\"sgb-square\" style=\"background:#d4d4d4\"><\/div><\/div><div class=\"simply-gallery-amp pgc_sgb_slider \"><noscript><div class=\"sgb-gallery\"><div class=\"sgb-item\"><a href=\"https:\/\/blog.arminaugustalexander.de\/?attachment_id=6611\" target=\"_blank\"><img decoding=\"async\" alt=\"\" width=\"199\" height=\"300\" loading=\"lazy\" src=\"https:\/\/blog.arminaugustalexander.de\/wp-content\/uploads\/2026\/03\/eingang_023-199x300.jpg\" srcset=\"https:\/\/blog.arminaugustalexander.de\/wp-content\/uploads\/2026\/03\/eingang_023-199x300.jpg 199w,https:\/\/blog.arminaugustalexander.de\/wp-content\/uploads\/2026\/03\/eingang_023.jpg 664w\" sizes=\"auto, 250px\"\/><\/a><\/div><div class=\"sgb-item\"><a href=\"https:\/\/blog.arminaugustalexander.de\/?attachment_id=6616\" target=\"_blank\"><img decoding=\"async\" alt=\"\" width=\"200\" height=\"300\" loading=\"lazy\" src=\"https:\/\/blog.arminaugustalexander.de\/wp-content\/uploads\/2026\/03\/eingang_015-200x300.jpg\" srcset=\"https:\/\/blog.arminaugustalexander.de\/wp-content\/uploads\/2026\/03\/eingang_015-200x300.jpg 200w,https:\/\/blog.arminaugustalexander.de\/wp-content\/uploads\/2026\/03\/eingang_015.jpg 668w\" sizes=\"auto, 250px\"\/><\/a><\/div><div class=\"sgb-item\"><a href=\"https:\/\/blog.arminaugustalexander.de\/?attachment_id=6614\" target=\"_blank\"><img decoding=\"async\" alt=\"\" width=\"300\" height=\"200\" loading=\"lazy\" src=\"https:\/\/blog.arminaugustalexander.de\/wp-content\/uploads\/2026\/03\/eingang_006-300x200.jpg\" srcset=\"https:\/\/blog.arminaugustalexander.de\/wp-content\/uploads\/2026\/03\/eingang_006-300x200.jpg 300w,https:\/\/blog.arminaugustalexander.de\/wp-content\/uploads\/2026\/03\/eingang_006.jpg 1000w\" sizes=\"auto, 250px\"\/><\/a><\/div><div class=\"sgb-item\"><a href=\"https:\/\/blog.arminaugustalexander.de\/?attachment_id=6613\" target=\"_blank\"><img decoding=\"async\" alt=\"\" width=\"198\" height=\"300\" loading=\"lazy\" src=\"https:\/\/blog.arminaugustalexander.de\/wp-content\/uploads\/2026\/03\/eingang_005-198x300.jpg\" srcset=\"https:\/\/blog.arminaugustalexander.de\/wp-content\/uploads\/2026\/03\/eingang_005-198x300.jpg 198w,https:\/\/blog.arminaugustalexander.de\/wp-content\/uploads\/2026\/03\/eingang_005.jpg 660w\" sizes=\"auto, 250px\"\/><\/a><\/div><div class=\"sgb-item\"><a href=\"https:\/\/blog.arminaugustalexander.de\/?attachment_id=6612\" target=\"_blank\"><img decoding=\"async\" alt=\"\" width=\"191\" height=\"300\" loading=\"lazy\" src=\"https:\/\/blog.arminaugustalexander.de\/wp-content\/uploads\/2026\/03\/eingang_004-191x300.jpg\" srcset=\"https:\/\/blog.arminaugustalexander.de\/wp-content\/uploads\/2026\/03\/eingang_004-191x300.jpg 191w,https:\/\/blog.arminaugustalexander.de\/wp-content\/uploads\/2026\/03\/eingang_004.jpg 635w\" sizes=\"auto, 250px\"\/><\/a><\/div><div class=\"sgb-item\"><a href=\"https:\/\/blog.arminaugustalexander.de\/?attachment_id=6615\" target=\"_blank\"><img decoding=\"async\" alt=\"\" width=\"199\" height=\"300\" loading=\"lazy\" src=\"https:\/\/blog.arminaugustalexander.de\/wp-content\/uploads\/2026\/03\/eingang_002-199x300.jpg\" srcset=\"https:\/\/blog.arminaugustalexander.de\/wp-content\/uploads\/2026\/03\/eingang_002-199x300.jpg 199w,https:\/\/blog.arminaugustalexander.de\/wp-content\/uploads\/2026\/03\/eingang_002.jpg 664w\" sizes=\"auto, 250px\"\/><\/a><\/div><\/div><\/noscript><\/div><script type=\"application\/json\" class=\"sgb-data\">{\"collectionColumns\":4,\"thumbSpacing\":16,\"externalLink\":false,\"captions\":false,\"collectionThumbSubMenuDownload\":false,\"collectionThumbSubMenuShare\":false,\"galleryType\":\"pgc_sgb_grid\",\"galleryId\":\"bb433143\",\"images\":[{\"id\":6611,\"title\":\"eingang_023\",\"url\":\"https:\/\/blog.arminaugustalexander.de\/wp-content\/uploads\/2026\/03\/eingang_023.jpg\",\"link\":\"https:\/\/blog.arminaugustalexander.de\/?attachment_id=6611\",\"alt\":\"\",\"description\":\"\",\"caption\":\"\",\"mime\":\"image\/jpeg\",\"type\":\"image\",\"width\":664,\"height\":1000,\"sizes\":{\"thumbnail\":{\"height\":150,\"width\":150,\"url\":\"https:\/\/blog.arminaugustalexander.de\/wp-content\/uploads\/2026\/03\/eingang_023-150x150.jpg\",\"orientation\":\"landscape\"},\"medium\":{\"height\":300,\"width\":199,\"url\":\"https:\/\/blog.arminaugustalexander.de\/wp-content\/uploads\/2026\/03\/eingang_023-199x300.jpg\",\"orientation\":\"portrait\"},\"full\":{\"url\":\"https:\/\/blog.arminaugustalexander.de\/wp-content\/uploads\/2026\/03\/eingang_023.jpg\",\"height\":1000,\"width\":664,\"orientation\":\"portrait\"}},\"imageMeta\":{\"aperture\":\"0\",\"credit\":\"\",\"camera\":\"\",\"caption\":\"\",\"created_timestamp\":\"0\",\"copyright\":\"\",\"focal_length\":\"0\",\"iso\":\"0\",\"shutter_speed\":\"0\",\"title\":\"\",\"orientation\":\"0\",\"keywords\":[]},\"meta\":false,\"postlink\":\"https:\/\/blog.arminaugustalexander.de\/?attachment_id=6611\"},{\"id\":6616,\"title\":\"eingang_015\",\"url\":\"https:\/\/blog.arminaugustalexander.de\/wp-content\/uploads\/2026\/03\/eingang_015.jpg\",\"link\":\"https:\/\/blog.arminaugustalexander.de\/?attachment_id=6616\",\"alt\":\"\",\"description\":\"\",\"caption\":\"\",\"mime\":\"image\/jpeg\",\"type\":\"image\",\"width\":668,\"height\":1000,\"sizes\":{\"thumbnail\":{\"height\":150,\"width\":150,\"url\":\"https:\/\/blog.arminaugustalexander.de\/wp-content\/uploads\/2026\/03\/eingang_015-150x150.jpg\",\"orientation\":\"landscape\"},\"medium\":{\"height\":300,\"width\":200,\"url\":\"https:\/\/blog.arminaugustalexander.de\/wp-content\/uploads\/2026\/03\/eingang_015-200x300.jpg\",\"orientation\":\"portrait\"},\"full\":{\"url\":\"https:\/\/blog.arminaugustalexander.de\/wp-content\/uploads\/2026\/03\/eingang_015.jpg\",\"height\":1000,\"width\":668,\"orientation\":\"portrait\"}},\"imageMeta\":{\"aperture\":\"0\",\"credit\":\"\",\"camera\":\"\",\"caption\":\"\",\"created_timestamp\":\"0\",\"copyright\":\"\",\"focal_length\":\"0\",\"iso\":\"0\",\"shutter_speed\":\"0\",\"title\":\"\",\"orientation\":\"0\",\"keywords\":[]},\"meta\":false,\"postlink\":\"https:\/\/blog.arminaugustalexander.de\/?attachment_id=6616\"},{\"id\":6614,\"title\":\"eingang_006\",\"url\":\"https:\/\/blog.arminaugustalexander.de\/wp-content\/uploads\/2026\/03\/eingang_006.jpg\",\"link\":\"https:\/\/blog.arminaugustalexander.de\/?attachment_id=6614\",\"alt\":\"\",\"description\":\"\",\"caption\":\"\",\"mime\":\"image\/jpeg\",\"type\":\"image\",\"width\":1000,\"height\":667,\"sizes\":{\"thumbnail\":{\"height\":150,\"width\":150,\"url\":\"https:\/\/blog.arminaugustalexander.de\/wp-content\/uploads\/2026\/03\/eingang_006-150x150.jpg\",\"orientation\":\"landscape\"},\"medium\":{\"height\":200,\"width\":300,\"url\":\"https:\/\/blog.arminaugustalexander.de\/wp-content\/uploads\/2026\/03\/eingang_006-300x200.jpg\",\"orientation\":\"landscape\"},\"full\":{\"url\":\"https:\/\/blog.arminaugustalexander.de\/wp-content\/uploads\/2026\/03\/eingang_006.jpg\",\"height\":667,\"width\":1000,\"orientation\":\"landscape\"}},\"imageMeta\":{\"aperture\":\"0\",\"credit\":\"\",\"camera\":\"\",\"caption\":\"\",\"created_timestamp\":\"0\",\"copyright\":\"\",\"focal_length\":\"0\",\"iso\":\"0\",\"shutter_speed\":\"0\",\"title\":\"\",\"orientation\":\"0\",\"keywords\":[]},\"meta\":false,\"postlink\":\"https:\/\/blog.arminaugustalexander.de\/?attachment_id=6614\"},{\"id\":6613,\"title\":\"eingang_005\",\"url\":\"https:\/\/blog.arminaugustalexander.de\/wp-content\/uploads\/2026\/03\/eingang_005.jpg\",\"link\":\"https:\/\/blog.arminaugustalexander.de\/?attachment_id=6613\",\"alt\":\"\",\"description\":\"\",\"caption\":\"\",\"mime\":\"image\/jpeg\",\"type\":\"image\",\"width\":660,\"height\":1000,\"sizes\":{\"thumbnail\":{\"height\":150,\"width\":150,\"url\":\"https:\/\/blog.arminaugustalexander.de\/wp-content\/uploads\/2026\/03\/eingang_005-150x150.jpg\",\"orientation\":\"landscape\"},\"medium\":{\"height\":300,\"width\":198,\"url\":\"https:\/\/blog.arminaugustalexander.de\/wp-content\/uploads\/2026\/03\/eingang_005-198x300.jpg\",\"orientation\":\"portrait\"},\"full\":{\"url\":\"https:\/\/blog.arminaugustalexander.de\/wp-content\/uploads\/2026\/03\/eingang_005.jpg\",\"height\":1000,\"width\":660,\"orientation\":\"portrait\"}},\"imageMeta\":{\"aperture\":\"0\",\"credit\":\"\",\"camera\":\"\",\"caption\":\"\",\"created_timestamp\":\"0\",\"copyright\":\"\",\"focal_length\":\"0\",\"iso\":\"0\",\"shutter_speed\":\"0\",\"title\":\"\",\"orientation\":\"0\",\"keywords\":[]},\"meta\":false,\"postlink\":\"https:\/\/blog.arminaugustalexander.de\/?attachment_id=6613\"},{\"id\":6612,\"title\":\"eingang_004\",\"url\":\"https:\/\/blog.arminaugustalexander.de\/wp-content\/uploads\/2026\/03\/eingang_004.jpg\",\"link\":\"https:\/\/blog.arminaugustalexander.de\/?attachment_id=6612\",\"alt\":\"\",\"description\":\"\",\"caption\":\"\",\"mime\":\"image\/jpeg\",\"type\":\"image\",\"width\":635,\"height\":1000,\"sizes\":{\"thumbnail\":{\"height\":150,\"width\":150,\"url\":\"https:\/\/blog.arminaugustalexander.de\/wp-content\/uploads\/2026\/03\/eingang_004-150x150.jpg\",\"orientation\":\"landscape\"},\"medium\":{\"height\":300,\"width\":191,\"url\":\"https:\/\/blog.arminaugustalexander.de\/wp-content\/uploads\/2026\/03\/eingang_004-191x300.jpg\",\"orientation\":\"portrait\"},\"full\":{\"url\":\"https:\/\/blog.arminaugustalexander.de\/wp-content\/uploads\/2026\/03\/eingang_004.jpg\",\"height\":1000,\"width\":635,\"orientation\":\"portrait\"}},\"imageMeta\":{\"aperture\":\"0\",\"credit\":\"\",\"camera\":\"\",\"caption\":\"\",\"created_timestamp\":\"0\",\"copyright\":\"\",\"focal_length\":\"0\",\"iso\":\"0\",\"shutter_speed\":\"0\",\"title\":\"\",\"orientation\":\"0\",\"keywords\":[]},\"meta\":false,\"postlink\":\"https:\/\/blog.arminaugustalexander.de\/?attachment_id=6612\"},{\"id\":6615,\"title\":\"eingang_002\",\"url\":\"https:\/\/blog.arminaugustalexander.de\/wp-content\/uploads\/2026\/03\/eingang_002.jpg\",\"link\":\"https:\/\/blog.arminaugustalexander.de\/?attachment_id=6615\",\"alt\":\"\",\"description\":\"\",\"caption\":\"\",\"mime\":\"image\/jpeg\",\"type\":\"image\",\"width\":664,\"height\":1000,\"sizes\":{\"thumbnail\":{\"height\":150,\"width\":150,\"url\":\"https:\/\/blog.arminaugustalexander.de\/wp-content\/uploads\/2026\/03\/eingang_002-150x150.jpg\",\"orientation\":\"landscape\"},\"medium\":{\"height\":300,\"width\":199,\"url\":\"https:\/\/blog.arminaugustalexander.de\/wp-content\/uploads\/2026\/03\/eingang_002-199x300.jpg\",\"orientation\":\"portrait\"},\"full\":{\"url\":\"https:\/\/blog.arminaugustalexander.de\/wp-content\/uploads\/2026\/03\/eingang_002.jpg\",\"height\":1000,\"width\":664,\"orientation\":\"portrait\"}},\"imageMeta\":{\"aperture\":\"0\",\"credit\":\"\",\"camera\":\"\",\"caption\":\"\",\"created_timestamp\":\"0\",\"copyright\":\"\",\"focal_length\":\"0\",\"iso\":\"0\",\"shutter_speed\":\"0\",\"title\":\"\",\"orientation\":\"0\",\"keywords\":[]},\"meta\":false,\"postlink\":\"https:\/\/blog.arminaugustalexander.de\/?attachment_id=6615\"}],\"shareFacebook\":false,\"shareTwitter\":false,\"sharePinterest\":false,\"sliderItemDownload\":false,\"shareCopyLink\":false,\"sliderItemTitleEnable\":false,\"sliderSocialShareEnabled\":false,\"hasCustomCSS\":false,\"customCSS\":\"\",\"otterConditions\":[],\"itemsMetaDataCollection\":[]}<\/script><script>(function(){if(window.PGC_SGB && window.PGC_SGB.searcher){window.PGC_SGB.searcher.initBlocks()}})()<\/script><\/div>\n\n\n<p>Um in ein Haus hineinzugelangen, mu\u00df man durch einen Eingang hindurch. Dieser kann einladend sein, kann aussagen: \u00bbIch freue mich \u00fcber Besuch\u00ab. Er kann repr\u00e4sentieren, die W\u00fcrde des Hauses, der Institution betonen oder auch Nachl\u00e4ssigkeit der Eigent\u00fcmer aufzeigen oder dr\u00fcckt \u2013 leider viel zu oft \u2013 Phantasielosigkeit \u2013 im besten Falle \u2013 oder Geschmacklosigkeit \u2013 im ung\u00fcstigsten Falle \u2013 aus. Fr\u00fchere Generationen haben sich das viel mehr M\u00fche gegeben.<br>In dieser Galerie sind einige positive Beispiele aufgef\u00fchrt, wie Eing\u00e4nge repr\u00e4sentieren oder einladen.<\/p>\n","protected":false},"excerpt":{"rendered":"<p>Um in ein Haus hineinzugelangen, mu\u00df man durch einen Eingang hindurch. Dieser kann einladend sein, kann aussagen: \u00bbIch freue mich \u00fcber Besuch\u00ab. Er kann repr\u00e4sentieren, die W\u00fcrde des Hauses, der Institution betonen oder auch Nachl\u00e4ssigkeit der Eigent\u00fcmer aufzeigen oder dr\u00fcckt \u2013 leider viel zu oft \u2013 Phantasielosigkeit \u2013 im besten Falle \u2013 oder Geschmacklosigkeit \u2013 [&hellip;]<\/p>\n","protected":false},"author":1,"featured_media":0,"parent":3952,"menu_order":0,"comment_status":"open","ping_status":"closed","template":"","meta":{"pgc_sgb_lightbox_settings":"","_themeisle_gutenberg_block_has_review":false,"footnotes":""},"class_list":["post-4171","page","type-page","status-publish","hentry"],"_links":{"self":[{"href":"https:\/\/blog.arminaugustalexander.de\/index.php?rest_route=\/wp\/v2\/pages\/4171","targetHints":{"allow":["GET"]}}],"collection":[{"href":"https:\/\/blog.arminaugustalexander.de\/index.php?rest_route=\/wp\/v2\/pages"}],"about":[{"href":"https:\/\/blog.arminaugustalexander.de\/index.php?rest_route=\/wp\/v2\/types\/page"}],"author":[{"embeddable":true,"href":"https:\/\/blog.arminaugustalexander.de\/index.php?rest_route=\/wp\/v2\/users\/1"}],"replies":[{"embeddable":true,"href":"https:\/\/blog.arminaugustalexander.de\/index.php?rest_route=%2Fwp%2Fv2%2Fcomments&post=4171"}],"version-history":[{"count":1,"href":"https:\/\/blog.arminaugustalexander.de\/index.php?rest_route=\/wp\/v2\/pages\/4171\/revisions"}],"predecessor-version":[{"id":6617,"href":"https:\/\/blog.arminaugustalexander.de\/index.php?rest_route=\/wp\/v2\/pages\/4171\/revisions\/6617"}],"up":[{"embeddable":true,"href":"https:\/\/blog.arminaugustalexander.de\/index.php?rest_route=\/wp\/v2\/pages\/3952"}],"wp:attachment":[{"href":"https:\/\/blog.arminaugustalexander.de\/index.php?rest_route=%2Fwp%2Fv2%2Fmedia&parent=4171"}],"curies":[{"name":"wp","href":"https:\/\/api.w.org\/{rel}","templated":true}]}}