{"id":4200,"date":"2017-03-23T14:41:16","date_gmt":"2017-03-23T13:41:16","guid":{"rendered":"http:\/\/blog.arminaugustalexander.de\/?page_id=4200"},"modified":"2026-03-31T16:48:21","modified_gmt":"2026-03-31T14:48:21","slug":"galerie-stadt-02","status":"publish","type":"page","link":"https:\/\/blog.arminaugustalexander.de\/?page_id=4200","title":{"rendered":"Galerie \u00b7 Stadt #02"},"content":{"rendered":"<div class=\"pgc-sgb-cb wp-block-pgcsimplygalleryblock-grid \" data-gallery-id=\"59b41771\"><div class=\"sgb-preloader\" id=\"pr_59b41771\">\n\t<div class=\"sgb-square\" style=\"background:#d4d4d4\"><\/div>\n\t<div class=\"sgb-square\" style=\"background:#d4d4d4\"><\/div>\n\t<div class=\"sgb-square\" style=\"background:#d4d4d4\"><\/div>\n\t<div class=\"sgb-square\" style=\"background:#d4d4d4\"><\/div><\/div><div class=\"simply-gallery-amp pgc_sgb_slider \"><noscript><div class=\"sgb-gallery\"><div class=\"sgb-item\"><a href=\"https:\/\/blog.arminaugustalexander.de\/?attachment_id=7442\" target=\"_blank\"><img decoding=\"async\" alt=\"\" width=\"199\" height=\"300\" loading=\"lazy\" src=\"https:\/\/blog.arminaugustalexander.de\/wp-content\/uploads\/2026\/03\/sta_056-199x300.jpg\" srcset=\"https:\/\/blog.arminaugustalexander.de\/wp-content\/uploads\/2026\/03\/sta_056-199x300.jpg 199w,https:\/\/blog.arminaugustalexander.de\/wp-content\/uploads\/2026\/03\/sta_056.jpg 662w\" sizes=\"auto, 250px\"\/><\/a><\/div><div class=\"sgb-item\"><a href=\"https:\/\/blog.arminaugustalexander.de\/?attachment_id=7441\" target=\"_blank\"><img decoding=\"async\" alt=\"\" width=\"199\" height=\"300\" loading=\"lazy\" src=\"https:\/\/blog.arminaugustalexander.de\/wp-content\/uploads\/2026\/03\/sta_061-199x300.jpg\" srcset=\"https:\/\/blog.arminaugustalexander.de\/wp-content\/uploads\/2026\/03\/sta_061-199x300.jpg 199w,https:\/\/blog.arminaugustalexander.de\/wp-content\/uploads\/2026\/03\/sta_061.jpg 663w\" sizes=\"auto, 250px\"\/><\/a><\/div><div class=\"sgb-item\"><a href=\"https:\/\/blog.arminaugustalexander.de\/?attachment_id=7440\" target=\"_blank\"><img decoding=\"async\" alt=\"\" width=\"201\" height=\"300\" loading=\"lazy\" src=\"https:\/\/blog.arminaugustalexander.de\/wp-content\/uploads\/2026\/03\/sta_075-201x300.jpg\" srcset=\"https:\/\/blog.arminaugustalexander.de\/wp-content\/uploads\/2026\/03\/sta_075-201x300.jpg 201w,https:\/\/blog.arminaugustalexander.de\/wp-content\/uploads\/2026\/03\/sta_075.jpg 669w\" sizes=\"auto, 250px\"\/><\/a><\/div><div class=\"sgb-item\"><a href=\"https:\/\/blog.arminaugustalexander.de\/?attachment_id=7439\" target=\"_blank\"><img decoding=\"async\" alt=\"\" width=\"199\" height=\"300\" loading=\"lazy\" src=\"https:\/\/blog.arminaugustalexander.de\/wp-content\/uploads\/2026\/03\/sta_076-199x300.jpg\" srcset=\"https:\/\/blog.arminaugustalexander.de\/wp-content\/uploads\/2026\/03\/sta_076-199x300.jpg 199w,https:\/\/blog.arminaugustalexander.de\/wp-content\/uploads\/2026\/03\/sta_076.jpg 664w\" sizes=\"auto, 250px\"\/><\/a><\/div><div class=\"sgb-item\"><a href=\"https:\/\/blog.arminaugustalexander.de\/?attachment_id=7438\" target=\"_blank\"><img decoding=\"async\" alt=\"\" width=\"200\" height=\"300\" loading=\"lazy\" src=\"https:\/\/blog.arminaugustalexander.de\/wp-content\/uploads\/2026\/03\/sta_077-200x300.jpg\" srcset=\"https:\/\/blog.arminaugustalexander.de\/wp-content\/uploads\/2026\/03\/sta_077-200x300.jpg 200w,https:\/\/blog.arminaugustalexander.de\/wp-content\/uploads\/2026\/03\/sta_077.jpg 665w\" sizes=\"auto, 250px\"\/><\/a><\/div><div class=\"sgb-item\"><a href=\"https:\/\/blog.arminaugustalexander.de\/?attachment_id=7437\" target=\"_blank\"><img decoding=\"async\" alt=\"\" width=\"300\" height=\"199\" loading=\"lazy\" src=\"https:\/\/blog.arminaugustalexander.de\/wp-content\/uploads\/2026\/03\/sta_080-300x199.jpg\" srcset=\"https:\/\/blog.arminaugustalexander.de\/wp-content\/uploads\/2026\/03\/sta_080-300x199.jpg 300w,https:\/\/blog.arminaugustalexander.de\/wp-content\/uploads\/2026\/03\/sta_080.jpg 1000w\" sizes=\"auto, 250px\"\/><\/a><\/div><div class=\"sgb-item\"><a href=\"https:\/\/blog.arminaugustalexander.de\/?attachment_id=7436\" target=\"_blank\"><img decoding=\"async\" alt=\"\" width=\"200\" height=\"300\" loading=\"lazy\" src=\"https:\/\/blog.arminaugustalexander.de\/wp-content\/uploads\/2026\/03\/sta_085-200x300.jpg\" srcset=\"https:\/\/blog.arminaugustalexander.de\/wp-content\/uploads\/2026\/03\/sta_085-200x300.jpg 200w,https:\/\/blog.arminaugustalexander.de\/wp-content\/uploads\/2026\/03\/sta_085.jpg 665w\" sizes=\"auto, 250px\"\/><\/a><\/div><div class=\"sgb-item\"><a href=\"https:\/\/blog.arminaugustalexander.de\/?attachment_id=7435\" target=\"_blank\"><img decoding=\"async\" alt=\"\" width=\"200\" height=\"300\" loading=\"lazy\" src=\"https:\/\/blog.arminaugustalexander.de\/wp-content\/uploads\/2026\/03\/sta_099-200x300.jpg\" srcset=\"https:\/\/blog.arminaugustalexander.de\/wp-content\/uploads\/2026\/03\/sta_099-200x300.jpg 200w,https:\/\/blog.arminaugustalexander.de\/wp-content\/uploads\/2026\/03\/sta_099.jpg 665w\" sizes=\"auto, 250px\"\/><\/a><\/div><\/div><\/noscript><\/div><script type=\"application\/json\" class=\"sgb-data\">{\"collectionColumns\":5,\"collectionThumbRecomendedWidth\":150,\"thumbSpacing\":16,\"externalLink\":false,\"captions\":false,\"collectionThumbSubMenuDownload\":false,\"collectionThumbSubMenuShare\":false,\"galleryType\":\"pgc_sgb_grid\",\"galleryId\":\"59b41771\",\"images\":[{\"id\":7442,\"title\":\"sta_056\",\"url\":\"https:\/\/blog.arminaugustalexander.de\/wp-content\/uploads\/2026\/03\/sta_056.jpg\",\"link\":\"https:\/\/blog.arminaugustalexander.de\/?attachment_id=7442\",\"alt\":\"\",\"description\":\"\",\"caption\":\"\",\"mime\":\"image\/jpeg\",\"type\":\"image\",\"width\":662,\"height\":1000,\"sizes\":{\"thumbnail\":{\"height\":150,\"width\":150,\"url\":\"https:\/\/blog.arminaugustalexander.de\/wp-content\/uploads\/2026\/03\/sta_056-150x150.jpg\",\"orientation\":\"landscape\"},\"medium\":{\"height\":300,\"width\":199,\"url\":\"https:\/\/blog.arminaugustalexander.de\/wp-content\/uploads\/2026\/03\/sta_056-199x300.jpg\",\"orientation\":\"portrait\"},\"full\":{\"url\":\"https:\/\/blog.arminaugustalexander.de\/wp-content\/uploads\/2026\/03\/sta_056.jpg\",\"height\":1000,\"width\":662,\"orientation\":\"portrait\"}},\"imageMeta\":{\"aperture\":\"0\",\"credit\":\"\",\"camera\":\"\",\"caption\":\"\",\"created_timestamp\":\"0\",\"copyright\":\"\",\"focal_length\":\"0\",\"iso\":\"0\",\"shutter_speed\":\"0\",\"title\":\"\",\"orientation\":\"0\",\"keywords\":[]},\"meta\":false,\"postlink\":\"https:\/\/blog.arminaugustalexander.de\/?attachment_id=7442\"},{\"id\":7441,\"title\":\"sta_061\",\"url\":\"https:\/\/blog.arminaugustalexander.de\/wp-content\/uploads\/2026\/03\/sta_061.jpg\",\"link\":\"https:\/\/blog.arminaugustalexander.de\/?attachment_id=7441\",\"alt\":\"\",\"description\":\"\",\"caption\":\"\",\"mime\":\"image\/jpeg\",\"type\":\"image\",\"width\":663,\"height\":1000,\"sizes\":{\"thumbnail\":{\"height\":150,\"width\":150,\"url\":\"https:\/\/blog.arminaugustalexander.de\/wp-content\/uploads\/2026\/03\/sta_061-150x150.jpg\",\"orientation\":\"landscape\"},\"medium\":{\"height\":300,\"width\":199,\"url\":\"https:\/\/blog.arminaugustalexander.de\/wp-content\/uploads\/2026\/03\/sta_061-199x300.jpg\",\"orientation\":\"portrait\"},\"full\":{\"url\":\"https:\/\/blog.arminaugustalexander.de\/wp-content\/uploads\/2026\/03\/sta_061.jpg\",\"height\":1000,\"width\":663,\"orientation\":\"portrait\"}},\"imageMeta\":{\"aperture\":\"0\",\"credit\":\"\",\"camera\":\"\",\"caption\":\"\",\"created_timestamp\":\"0\",\"copyright\":\"\",\"focal_length\":\"0\",\"iso\":\"0\",\"shutter_speed\":\"0\",\"title\":\"\",\"orientation\":\"0\",\"keywords\":[]},\"meta\":false,\"postlink\":\"https:\/\/blog.arminaugustalexander.de\/?attachment_id=7441\"},{\"id\":7440,\"title\":\"sta_075\",\"url\":\"https:\/\/blog.arminaugustalexander.de\/wp-content\/uploads\/2026\/03\/sta_075.jpg\",\"link\":\"https:\/\/blog.arminaugustalexander.de\/?attachment_id=7440\",\"alt\":\"\",\"description\":\"\",\"caption\":\"\",\"mime\":\"image\/jpeg\",\"type\":\"image\",\"width\":669,\"height\":1000,\"sizes\":{\"thumbnail\":{\"height\":150,\"width\":150,\"url\":\"https:\/\/blog.arminaugustalexander.de\/wp-content\/uploads\/2026\/03\/sta_075-150x150.jpg\",\"orientation\":\"landscape\"},\"medium\":{\"height\":300,\"width\":201,\"url\":\"https:\/\/blog.arminaugustalexander.de\/wp-content\/uploads\/2026\/03\/sta_075-201x300.jpg\",\"orientation\":\"portrait\"},\"full\":{\"url\":\"https:\/\/blog.arminaugustalexander.de\/wp-content\/uploads\/2026\/03\/sta_075.jpg\",\"height\":1000,\"width\":669,\"orientation\":\"portrait\"}},\"imageMeta\":{\"aperture\":\"0\",\"credit\":\"\",\"camera\":\"\",\"caption\":\"\",\"created_timestamp\":\"0\",\"copyright\":\"\",\"focal_length\":\"0\",\"iso\":\"0\",\"shutter_speed\":\"0\",\"title\":\"\",\"orientation\":\"0\",\"keywords\":[]},\"meta\":false,\"postlink\":\"https:\/\/blog.arminaugustalexander.de\/?attachment_id=7440\"},{\"id\":7439,\"title\":\"sta_076\",\"url\":\"https:\/\/blog.arminaugustalexander.de\/wp-content\/uploads\/2026\/03\/sta_076.jpg\",\"link\":\"https:\/\/blog.arminaugustalexander.de\/?attachment_id=7439\",\"alt\":\"\",\"description\":\"\",\"caption\":\"\",\"mime\":\"image\/jpeg\",\"type\":\"image\",\"width\":664,\"height\":1000,\"sizes\":{\"thumbnail\":{\"height\":150,\"width\":150,\"url\":\"https:\/\/blog.arminaugustalexander.de\/wp-content\/uploads\/2026\/03\/sta_076-150x150.jpg\",\"orientation\":\"landscape\"},\"medium\":{\"height\":300,\"width\":199,\"url\":\"https:\/\/blog.arminaugustalexander.de\/wp-content\/uploads\/2026\/03\/sta_076-199x300.jpg\",\"orientation\":\"portrait\"},\"full\":{\"url\":\"https:\/\/blog.arminaugustalexander.de\/wp-content\/uploads\/2026\/03\/sta_076.jpg\",\"height\":1000,\"width\":664,\"orientation\":\"portrait\"}},\"imageMeta\":{\"aperture\":\"0\",\"credit\":\"\",\"camera\":\"\",\"caption\":\"\",\"created_timestamp\":\"0\",\"copyright\":\"\",\"focal_length\":\"0\",\"iso\":\"0\",\"shutter_speed\":\"0\",\"title\":\"\",\"orientation\":\"0\",\"keywords\":[]},\"meta\":false,\"postlink\":\"https:\/\/blog.arminaugustalexander.de\/?attachment_id=7439\"},{\"id\":7438,\"title\":\"sta_077\",\"url\":\"https:\/\/blog.arminaugustalexander.de\/wp-content\/uploads\/2026\/03\/sta_077.jpg\",\"link\":\"https:\/\/blog.arminaugustalexander.de\/?attachment_id=7438\",\"alt\":\"\",\"description\":\"\",\"caption\":\"\",\"mime\":\"image\/jpeg\",\"type\":\"image\",\"width\":665,\"height\":1000,\"sizes\":{\"thumbnail\":{\"height\":150,\"width\":150,\"url\":\"https:\/\/blog.arminaugustalexander.de\/wp-content\/uploads\/2026\/03\/sta_077-150x150.jpg\",\"orientation\":\"landscape\"},\"medium\":{\"height\":300,\"width\":200,\"url\":\"https:\/\/blog.arminaugustalexander.de\/wp-content\/uploads\/2026\/03\/sta_077-200x300.jpg\",\"orientation\":\"portrait\"},\"full\":{\"url\":\"https:\/\/blog.arminaugustalexander.de\/wp-content\/uploads\/2026\/03\/sta_077.jpg\",\"height\":1000,\"width\":665,\"orientation\":\"portrait\"}},\"imageMeta\":{\"aperture\":\"0\",\"credit\":\"\",\"camera\":\"\",\"caption\":\"\",\"created_timestamp\":\"0\",\"copyright\":\"\",\"focal_length\":\"0\",\"iso\":\"0\",\"shutter_speed\":\"0\",\"title\":\"\",\"orientation\":\"0\",\"keywords\":[]},\"meta\":false,\"postlink\":\"https:\/\/blog.arminaugustalexander.de\/?attachment_id=7438\"},{\"id\":7437,\"title\":\"sta_080\",\"url\":\"https:\/\/blog.arminaugustalexander.de\/wp-content\/uploads\/2026\/03\/sta_080.jpg\",\"link\":\"https:\/\/blog.arminaugustalexander.de\/?attachment_id=7437\",\"alt\":\"\",\"description\":\"\",\"caption\":\"\",\"mime\":\"image\/jpeg\",\"type\":\"image\",\"width\":1000,\"height\":664,\"sizes\":{\"thumbnail\":{\"height\":150,\"width\":150,\"url\":\"https:\/\/blog.arminaugustalexander.de\/wp-content\/uploads\/2026\/03\/sta_080-150x150.jpg\",\"orientation\":\"landscape\"},\"medium\":{\"height\":199,\"width\":300,\"url\":\"https:\/\/blog.arminaugustalexander.de\/wp-content\/uploads\/2026\/03\/sta_080-300x199.jpg\",\"orientation\":\"landscape\"},\"full\":{\"url\":\"https:\/\/blog.arminaugustalexander.de\/wp-content\/uploads\/2026\/03\/sta_080.jpg\",\"height\":664,\"width\":1000,\"orientation\":\"landscape\"}},\"imageMeta\":{\"aperture\":\"0\",\"credit\":\"\",\"camera\":\"\",\"caption\":\"\",\"created_timestamp\":\"0\",\"copyright\":\"\",\"focal_length\":\"0\",\"iso\":\"0\",\"shutter_speed\":\"0\",\"title\":\"\",\"orientation\":\"0\",\"keywords\":[]},\"meta\":false,\"postlink\":\"https:\/\/blog.arminaugustalexander.de\/?attachment_id=7437\"},{\"id\":7436,\"title\":\"sta_085\",\"url\":\"https:\/\/blog.arminaugustalexander.de\/wp-content\/uploads\/2026\/03\/sta_085.jpg\",\"link\":\"https:\/\/blog.arminaugustalexander.de\/?attachment_id=7436\",\"alt\":\"\",\"description\":\"\",\"caption\":\"\",\"mime\":\"image\/jpeg\",\"type\":\"image\",\"width\":665,\"height\":1000,\"sizes\":{\"thumbnail\":{\"height\":150,\"width\":150,\"url\":\"https:\/\/blog.arminaugustalexander.de\/wp-content\/uploads\/2026\/03\/sta_085-150x150.jpg\",\"orientation\":\"landscape\"},\"medium\":{\"height\":300,\"width\":200,\"url\":\"https:\/\/blog.arminaugustalexander.de\/wp-content\/uploads\/2026\/03\/sta_085-200x300.jpg\",\"orientation\":\"portrait\"},\"full\":{\"url\":\"https:\/\/blog.arminaugustalexander.de\/wp-content\/uploads\/2026\/03\/sta_085.jpg\",\"height\":1000,\"width\":665,\"orientation\":\"portrait\"}},\"imageMeta\":{\"aperture\":\"0\",\"credit\":\"\",\"camera\":\"\",\"caption\":\"\",\"created_timestamp\":\"0\",\"copyright\":\"\",\"focal_length\":\"0\",\"iso\":\"0\",\"shutter_speed\":\"0\",\"title\":\"\",\"orientation\":\"0\",\"keywords\":[]},\"meta\":false,\"postlink\":\"https:\/\/blog.arminaugustalexander.de\/?attachment_id=7436\"},{\"id\":7435,\"title\":\"sta_099\",\"url\":\"https:\/\/blog.arminaugustalexander.de\/wp-content\/uploads\/2026\/03\/sta_099.jpg\",\"link\":\"https:\/\/blog.arminaugustalexander.de\/?attachment_id=7435\",\"alt\":\"\",\"description\":\"\",\"caption\":\"\",\"mime\":\"image\/jpeg\",\"type\":\"image\",\"width\":665,\"height\":1000,\"sizes\":{\"thumbnail\":{\"height\":150,\"width\":150,\"url\":\"https:\/\/blog.arminaugustalexander.de\/wp-content\/uploads\/2026\/03\/sta_099-150x150.jpg\",\"orientation\":\"landscape\"},\"medium\":{\"height\":300,\"width\":200,\"url\":\"https:\/\/blog.arminaugustalexander.de\/wp-content\/uploads\/2026\/03\/sta_099-200x300.jpg\",\"orientation\":\"portrait\"},\"full\":{\"url\":\"https:\/\/blog.arminaugustalexander.de\/wp-content\/uploads\/2026\/03\/sta_099.jpg\",\"height\":1000,\"width\":665,\"orientation\":\"portrait\"}},\"imageMeta\":{\"aperture\":\"0\",\"credit\":\"\",\"camera\":\"\",\"caption\":\"\",\"created_timestamp\":\"0\",\"copyright\":\"\",\"focal_length\":\"0\",\"iso\":\"0\",\"shutter_speed\":\"0\",\"title\":\"\",\"orientation\":\"0\",\"keywords\":[]},\"meta\":false,\"postlink\":\"https:\/\/blog.arminaugustalexander.de\/?attachment_id=7435\"}],\"orderBy\":\"title\",\"shareFacebook\":false,\"shareTwitter\":false,\"sharePinterest\":false,\"sliderItemDownload\":false,\"shareCopyLink\":false,\"sliderItemTitleEnable\":false,\"sliderSocialShareEnabled\":false,\"hasCustomCSS\":false,\"customCSS\":\"\",\"otterConditions\":[],\"itemsMetaDataCollection\":[]}<\/script><script>(function(){if(window.PGC_SGB && window.PGC_SGB.searcher){window.PGC_SGB.searcher.initBlocks()}})()<\/script><\/div>\n\n\n<p>Bei Stadtansichten denken viele sogleich an die Sehensw\u00fcrdigkeiten, die jede Stadt ob gro\u00df oder klein, neu oder alt mehr oder weniger hat. An die sch\u00f6nen Seiten eines Ortes halt. Aber eine Stadt hat auch Alltagsseiten, die mal sch\u00f6n, mal weniger sch\u00f6n sind, aber oft einfach nur langweilig, weil sie vertraut sind und nichts Neues bieten. In dieser Serie befinden sich touristisch bekannte Sehensw\u00fcrdigkeiten, wie der \u00bbAlter Markt\u00ab und der historische Rathausturm K\u00f6lns in Gesellschaft eines beliebigen Vorortes, in den sechziger Jahren buchst\u00e4blich aus dem Ackerboden gestampft. Halt verschiedene Ansichten ein und derselben Stadt. Und an tr\u00fcben Januartagen erinnern selbst Pl\u00e4tze die sonst von Touristen heimgesucht werden, mehr an ruhige Vorst\u00e4dte. \ud83d\ude09<\/p>\n","protected":false},"excerpt":{"rendered":"<p>Bei Stadtansichten denken viele sogleich an die Sehensw\u00fcrdigkeiten, die jede Stadt ob gro\u00df oder klein, neu oder alt mehr oder weniger hat. An die sch\u00f6nen Seiten eines Ortes halt. Aber eine Stadt hat auch Alltagsseiten, die mal sch\u00f6n, mal weniger sch\u00f6n sind, aber oft einfach nur langweilig, weil sie vertraut sind und nichts Neues bieten. [&hellip;]<\/p>\n","protected":false},"author":1,"featured_media":0,"parent":3983,"menu_order":0,"comment_status":"open","ping_status":"closed","template":"","meta":{"pgc_sgb_lightbox_settings":"","_themeisle_gutenberg_block_has_review":false,"footnotes":""},"class_list":["post-4200","page","type-page","status-publish","hentry"],"_links":{"self":[{"href":"https:\/\/blog.arminaugustalexander.de\/index.php?rest_route=\/wp\/v2\/pages\/4200","targetHints":{"allow":["GET"]}}],"collection":[{"href":"https:\/\/blog.arminaugustalexander.de\/index.php?rest_route=\/wp\/v2\/pages"}],"about":[{"href":"https:\/\/blog.arminaugustalexander.de\/index.php?rest_route=\/wp\/v2\/types\/page"}],"author":[{"embeddable":true,"href":"https:\/\/blog.arminaugustalexander.de\/index.php?rest_route=\/wp\/v2\/users\/1"}],"replies":[{"embeddable":true,"href":"https:\/\/blog.arminaugustalexander.de\/index.php?rest_route=%2Fwp%2Fv2%2Fcomments&post=4200"}],"version-history":[{"count":2,"href":"https:\/\/blog.arminaugustalexander.de\/index.php?rest_route=\/wp\/v2\/pages\/4200\/revisions"}],"predecessor-version":[{"id":7444,"href":"https:\/\/blog.arminaugustalexander.de\/index.php?rest_route=\/wp\/v2\/pages\/4200\/revisions\/7444"}],"up":[{"embeddable":true,"href":"https:\/\/blog.arminaugustalexander.de\/index.php?rest_route=\/wp\/v2\/pages\/3983"}],"wp:attachment":[{"href":"https:\/\/blog.arminaugustalexander.de\/index.php?rest_route=%2Fwp%2Fv2%2Fmedia&parent=4200"}],"curies":[{"name":"wp","href":"https:\/\/api.w.org\/{rel}","templated":true}]}}