{"id":4905,"date":"2017-06-24T18:07:12","date_gmt":"2017-06-24T16:07:12","guid":{"rendered":"http:\/\/blog.arminaugustalexander.de\/?page_id=4905"},"modified":"2026-03-29T21:52:57","modified_gmt":"2026-03-29T19:52:57","slug":"galerie-konzeptuelles","status":"publish","type":"page","link":"https:\/\/blog.arminaugustalexander.de\/?page_id=4905","title":{"rendered":"Galerie \u00b7 Konzeptuelles"},"content":{"rendered":"\n<div class=\"album-uebersicht\">\n<div class=\"illustration\"><figure><img decoding=\"async\" src=\"wp-content\/gallery\/gal-thumbs\/album-1von100.jpg\"><\/figure><\/div>\n<p><a href=\"?page_id=5952\">Teilnahmen an der<\/a> Edition <a href=\"http:\/\/www.einsvonhundert.de\" target=\"_blank\" rel=\"noopener\">1 von 100<\/a><\/p>\n<\/div>\n\n\n\n<div class=\"album-uebersicht\">\n<div class=\"illustration-rechts\"><figure><img decoding=\"async\" src=\"wp-content\/gallery\/gal-thumbs\/album-fundstuecke-02.jpg\"><\/figure><\/div>\n<p><a href=\"?page_id=5680\">Fundst\u00fccke #02<\/a><\/p>\n<\/div>\n\n\n\n<div class=\"album-uebersicht\">\n<div class=\"illustration\"><figure><img decoding=\"async\" src=\"wp-content\/gallery\/gal-thumbs\/album-fundstuecke-01.jpg\"><\/figure><\/div>\n<p><a href=\"?page_id=4910\">Fundst\u00fccke #01<\/a><\/p>\n<\/div>\n\n\n\n<div class=\"album-uebersicht\">\n<div class=\"illustration-rechts\"><figure><img decoding=\"async\" src=\"wp-content\/gallery\/gal-thumbs\/album-baenke-01.jpg\"><\/figure><\/div>\n<p><a href=\"?page_id=4986\">B\u00e4nke #01<\/a><\/p>\n<\/div>\n\n\n\n<div class=\"album-uebersicht\">\n<div class=\"illustration\"><figure><img decoding=\"async\" src=\"wp-content\/gallery\/gal-thumbs\/fenster-album-1.jpg\"><\/figure><\/div>\n<p><a href=\"?page_id=5337\">Fenster #01<\/a><\/p>\n<\/div>\n\n\n\n<div class=\"album-uebersicht\">\n<div class=\"illustration-rechts\"><figure><img decoding=\"async\" src=\"wp-content\/gallery\/gal-thumbs\/fenster-album-2.jpg\"><\/figure><\/div>\n<p><a href=\"?page_id=5459\">Fenster #02 \u00b7 SW<\/a><\/p>\n<\/div>\n\n\n\n<div class=\"album-uebersicht\">\n<div class=\"illustration\"><figure><img decoding=\"async\" src=\"wp-content\/gallery\/gal-thumbs\/album-herbst.jpg\"><\/figure><\/div>\n<p><a href=\"?page_id=5747\">Herbst<\/a><\/p>\n<\/div>\n\n\n\n<div class=\"album-uebersicht\">\n<div class=\"illustration-rechts\"><figure><img decoding=\"async\" src=\"wp-content\/gallery\/gal-thumbs\/winter-album.jpg\"><\/figure><\/div>\n<p><a href=\"?page_id=5510\">Winter<\/a><\/p>\n<\/div>\n\n\n\n<p>&nbsp;<\/p>\n","protected":false},"excerpt":{"rendered":"<p>Teilnahmen an der Edition 1 von 100 Fundst\u00fccke #02 Fundst\u00fccke #01 B\u00e4nke #01 Fenster #01 Fenster #02 \u00b7 SW Herbst Winter &nbsp;<\/p>\n","protected":false},"author":1,"featured_media":0,"parent":3950,"menu_order":0,"comment_status":"open","ping_status":"closed","template":"","meta":{"pgc_sgb_lightbox_settings":"","_themeisle_gutenberg_block_has_review":false,"footnotes":""},"class_list":["post-4905","page","type-page","status-publish","hentry"],"_links":{"self":[{"href":"https:\/\/blog.arminaugustalexander.de\/index.php?rest_route=\/wp\/v2\/pages\/4905","targetHints":{"allow":["GET"]}}],"collection":[{"href":"https:\/\/blog.arminaugustalexander.de\/index.php?rest_route=\/wp\/v2\/pages"}],"about":[{"href":"https:\/\/blog.arminaugustalexander.de\/index.php?rest_route=\/wp\/v2\/types\/page"}],"author":[{"embeddable":true,"href":"https:\/\/blog.arminaugustalexander.de\/index.php?rest_route=\/wp\/v2\/users\/1"}],"replies":[{"embeddable":true,"href":"https:\/\/blog.arminaugustalexander.de\/index.php?rest_route=%2Fwp%2Fv2%2Fcomments&post=4905"}],"version-history":[{"count":2,"href":"https:\/\/blog.arminaugustalexander.de\/index.php?rest_route=\/wp\/v2\/pages\/4905\/revisions"}],"predecessor-version":[{"id":6623,"href":"https:\/\/blog.arminaugustalexander.de\/index.php?rest_route=\/wp\/v2\/pages\/4905\/revisions\/6623"}],"up":[{"embeddable":true,"href":"https:\/\/blog.arminaugustalexander.de\/index.php?rest_route=\/wp\/v2\/pages\/3950"}],"wp:attachment":[{"href":"https:\/\/blog.arminaugustalexander.de\/index.php?rest_route=%2Fwp%2Fv2%2Fmedia&parent=4905"}],"curies":[{"name":"wp","href":"https:\/\/api.w.org\/{rel}","templated":true}]}}