{"id":941,"date":"2009-04-12T12:18:27","date_gmt":"2009-04-12T10:18:27","guid":{"rendered":"http:\/\/blog.arminaugustalexander.de\/?page_id=941"},"modified":"2026-03-30T15:30:14","modified_gmt":"2026-03-30T13:30:14","slug":"941-2","status":"publish","type":"page","link":"https:\/\/blog.arminaugustalexander.de\/?page_id=941","title":{"rendered":"Aus eig\u2019ner Feder"},"content":{"rendered":"\n<p>&nbsp;<\/p>\n\n\n<div class=\"wp-block-image\">\n<figure class=\"aligncenter size-full\"><img loading=\"lazy\" decoding=\"async\" width=\"800\" height=\"250\" src=\"https:\/\/blog.arminaugustalexander.de\/wp-content\/uploads\/2026\/03\/werkstatt.jpg\" alt=\"\" class=\"wp-image-7078\" srcset=\"https:\/\/blog.arminaugustalexander.de\/wp-content\/uploads\/2026\/03\/werkstatt.jpg 800w, https:\/\/blog.arminaugustalexander.de\/wp-content\/uploads\/2026\/03\/werkstatt-300x94.jpg 300w, https:\/\/blog.arminaugustalexander.de\/wp-content\/uploads\/2026\/03\/werkstatt-768x240.jpg 768w\" sizes=\"auto, (max-width: 800px) 100vw, 800px\" \/><\/figure>\n<\/div>\n\n\n<p>&nbsp;<\/p>\n\n\n\n<p><em>Leseproben stehen unter den angegebenen Buchshop-Links zur Verf\u00fcgung<\/em><\/p>\n\n\n\n<p>&nbsp;<\/p>\n\n\n\n<h2 class=\"wp-block-heading\">Golos Erbe<\/h2>\n\n\n\n<p>&nbsp;<\/p>\n\n\n<div class=\"wp-block-image\">\n<figure class=\"alignleft\" id=\"wp-block-themeisle-blocks-image-33c6d751\"><a href=\"https:\/\/blog.arminaugustalexander.de\/wp-content\/uploads\/2020\/07\/golos-erbe-titel.jpg\"><img decoding=\"async\" src=\"https:\/\/blog.arminaugustalexander.de\/wp-content\/uploads\/2020\/07\/golos-erbe-titel-189x300.jpg\" alt=\"Golos Erbe Titel\" style=\"object-fit:cover\"\/><\/a><\/figure>\n<\/div>\n\n\n<p><span style=\"font-size: 1.1em; font-weight: bold; line-height: 150%;\">Klappentext<\/span><\/p>\n\n\n\n<p>Ein junger, auf sympathische Weise leicht versponnener Schriftsteller und \u00dcbersetzer erbt zur H\u00e4lfte das gro\u00dfe, alte Haus seines Patenonkels, dem er viel zu verdanken hat. Er erf\u00e4hrt erst, wer der Miterbe ist, wenn dieser sich ihm vorstellt. Er verbringt die Wartezeit in dem Haus und tritt somit auch eine Reise in die Vergangenheit an. Dabei begegnet er einer sch\u00f6nen Frau, von er der sofort fasziniert ist, was zu seiner Freude auf Gegenseitigkeit beruht. Eine leidenschaftliche Aff\u00e4re beginnt. Sie zieht zu ihm. Eines Tages verschwindet sie pl\u00f6tzlich. Wird er sie jemals wiedersehen? Und was ist mit dem Miterben, der sich ja auch noch nicht vorgestellt hat?<\/p>\n\n\n\n<p>&nbsp;<\/p>\n\n\n\n<p><b>Armin A. Alexander<br>Golos Erbe<\/b><br>ISBN 978-3-7519-5788-5<br>264 S., PB, \u20ac 12,99<br>eBook, no-drm, \u20ac 9,49<\/p>\n\n\n\n<p><a href=\"https:\/\/buchshop.bod.de\/golos-erbe-armin-a-alexander-9783751957885\" target=\"_blank\" rel=\"noopener\">Zur Bestellm\u00f6glichkeit Buch und eBook ePUB<\/a><\/p>\n\n\n\n<p>&nbsp;<\/p>\n\n\n\n<h2 class=\"wp-block-heading\">Cousine und Cousin<\/h2>\n\n\n\n<p>&nbsp;<\/p>\n\n\n<div class=\"wp-block-image\">\n<figure class=\"alignleft\" id=\"wp-block-themeisle-blocks-image-79a33666\"><a href=\"https:\/\/blog.arminaugustalexander.de\/wp-content\/uploads\/2020\/02\/Cousine-und-Cousin-titel.jpg\"><img decoding=\"async\" src=\"https:\/\/blog.arminaugustalexander.de\/wp-content\/uploads\/2020\/02\/Cousine-und-Cousin-titel-190x300.jpg\" alt=\"\"\/><\/a><\/figure>\n<\/div>\n\n\n<p><span style=\"font-size: 1.1em; font-weight: bold; line-height: 150%;\">Klappentext<\/span><\/p>\n\n\n\n<p>Ein kleiner Ort in Th\u00fcringen, nahe des \u00bbEisernen Vorhangs\u00ab, Anfang der 1980er Jahre. Ulrich Bernow mu\u00df schon fr\u00fch erfahren, welche Nachteile es mit sich bringt, in einem Staat wie der DDR eine nonkonforme Meinung vor den falschen Leuten zu \u00e4u\u00dfern, was ihn zwei Jahre vor der Wende zu einem naiv vorbereiteten Fluchtversuch veranla\u00dft. Birte, seine Cousine, die sicherlich auch Chemie studieren darf, weil ihr Vater ein international anerkannter Chemiker und somit dem Staat n\u00fctzlich ist, ist einige Jahre \u00e4lter und eine weitgehend unpolitische junge Frau, die sich neben etwas mehr Meinungsfreiheit vor allem mehr \u2013 westlichen \u2013 Luxus w\u00fcnscht. Ulrichs Fluchtversuch \u00f6ffnet ihr aber die Augen. Im Sommer \u201989 schlie\u00dft sie sich, wenn auch etwas \u00bbunfreiwillig\u00ab, den B\u00fcrgerbewegungen an. Hoffnung auf eine neue Zeit macht sich breit. Doch als kurz nach der Wiedervereinigung die Treuhand sich mit marktwirtschaftlich k\u00fchler Logik der ehemaligen Staats-Betriebe annimmt, auch dem, in dem Birte Laborleiterin ist, sehen sich immer mehr B\u00fcrger in ihren Erwartungen get\u00e4uscht, zumal auch die Wendeh\u00e4lse ?berall vertreten sind.<\/p>\n\n\n\n<p>&nbsp;<\/p>\n\n\n\n<p><b>Armin A. Alexander<br>Cousine und Cousin<\/b><br>ISBN 978-3-7504-0648-3<br>384 S., PB, \u20ac 17,49<br>eBook, no-drm, \u20ac 12,99<\/p>\n\n\n\n<p><a href=\"https:\/\/buchshop.bod.de\/cousine-und-cousin-armin-a-alexander-9783750406483\" target=\"_blank\" rel=\"noopener\">Zur Bestellm\u00f6glichkeit Buch und eBook ePUB<\/a><\/p>\n\n\n\n<p>&nbsp;<\/p>\n\n\n\n<h2 class=\"wp-block-heading\">Die Staatsanw\u00e4ltin<\/h2>\n\n\n\n<p>&nbsp;<\/p>\n\n\n<div class=\"wp-block-image\">\n<figure class=\"alignleft size-large\" id=\"wp-block-themeisle-blocks-image-deeda991\"><a href=\"https:\/\/blog.arminaugustalexander.de\/wp-content\/uploads\/2019\/10\/Die-Staatsanw\u00e4ltin-Titel.jpg\"><img decoding=\"async\" src=\"https:\/\/blog.arminaugustalexander.de\/wp-content\/uploads\/2019\/10\/Die-Staatsanw\u00e4ltin-Titel-188x300.jpg\" alt=\"\" style=\"object-fit:cover\"\/><\/a><\/figure>\n<\/div>\n\n\n<p><span style=\"font-size: 1.1em; font-weight: bold; line-height: 150%;\">Klappentext<\/span><\/p>\n\n\n\n<p>In ihrer Wohnung findet die \u00bbSch\u00f6ne Staatsanw\u00e4ltin\u00ab, die federf\u00fchrend in einem der gr\u00f6\u00dften regionalen Immobilienskandale der letzten Jahrzehnte ermittelt, die Leiche eines jungen Mannes, den sie mit nach Hause nahm. Sie kann sich nur noch daran erinnern, da\u00df sie Sekt tranken, den er mitbrachte, bevor sie auf der Couch pl\u00f6tzlich einschlief. Die Vermutung liegt nahe, da\u00df es sich um einen gescheiterten Versuch handelt, belastendes Material \u00fcber ihre nicht allt\u00e4glichen Neigungen zu konstruieren, um sie \u00f6ffentlich blo\u00dfzustellen. Oder versucht sie mit dieser Version vielleicht nur eine aus dem Ruder gelaufene Session zu verschleiern?<\/p>\n\n\n\n<p>&nbsp;<\/p>\n\n\n\n<p><b>Armin A. Alexander<br>Die Staatsanw\u00e4ltin<\/b><br>ISBN 978-3-7494-7195-9<br>308 S., PB, \u20ac 13,99<br>eBook, no-drm, \u20ac 9,99<\/p>\n\n\n\n<p><a href=\"https:\/\/buchshop.bod.de\/die-staatsanwaeltin-armin-a-alexander-9783749471959\" target=\"_blank\" rel=\"noopener\">Zur Bestellm\u00f6glichkeit Buch und eBook ePUB<\/a><\/p>\n\n\n\n<p>&nbsp;<\/p>\n\n\n\n<h2 class=\"wp-block-heading\">Der junge Nachbar<\/h2>\n\n\n\n<p>&nbsp;<\/p>\n\n\n<div class=\"wp-block-image\">\n<figure class=\"alignleft\"><a href=\"https:\/\/blog.arminaugustalexander.de\/wp-content\/uploads\/2020\/05\/der-junge-nachbar-titel.jpg\"><img decoding=\"async\" src=\"https:\/\/blog.arminaugustalexander.de\/wp-content\/uploads\/2020\/05\/der-junge-nachbar-titel-189x300.jpg\" alt=\"\"\/><\/a><\/figure>\n<\/div>\n\n\n<p><span style=\"font-size: 1.1em; font-weight: bold; line-height: 150%;\">Klappentext<\/span><\/p>\n\n\n\n<p>Durch Zufall entdeckt Barbara, wie ein junger Mann sie von der Wohnung gegen\u00fcber aus heimlich beobachtet, w\u00e4hrend sie sich leicht bekleidet in ihrer bewegt. Sie versucht, ihn durch erotische Inszenierungen aus der Reserve zu locken. Doch er bleibt passiv. Da beschlie\u00dft sie, ihn f\u00fcrs \u00bbSpannen\u00ab zu \u00bbbestrafen\u00ab.<\/p>\n\n\n\n<p>&nbsp;<\/p>\n\n\n\n<p>Meinald hangelt sich von einer befristeten Stelle zur n\u00e4chsten. Ohne gro\u00dfe Hoffnung bewirbt er sich als Bibliothekar f\u00fcr eine ihm bis dahin unbekannte private Bibliothek und wird genommen. Das Kuratorium setzt sich aus r\u00fchrigen, alten Herrschaft zusammen, was eine geruhsame T\u00e4tigkeit verspricht. Dann begegnet er dem vierten Mitglied, einer attraktiven und resoluten Frau seines Alters, von der er sofort fasziniert ist und er gef\u00e4llt ihr auch. Doch als er auf ihre eindeutigen Avancen nur z\u00f6gerlich eingeht, verliert sie die Geduld, was f\u00fcr ihn in einer schmerzhaften Erfahrung endet, die er aber sehr genie\u00dft.<\/p>\n\n\n\n<p>&nbsp;<\/p>\n\n\n\n<p><strong>Ferner enthalten sind die Erz\u00e4hlungen:<\/strong><\/p>\n\n\n\n<p>Verdiente Strafe<br>Hausputz<br>Der Egoistin Mores lehren<\/p>\n\n\n\n<p><br><b>Armin A. Alexander<br>Der junge Nachbar<\/b><br>ISBN 978-3-7519-2385-9<br>156 S., PB, \u20ac 8,99<br>eBook, no-drm, \u20ac 5,99<\/p>\n\n\n\n<p><a href=\"https:\/\/buchshop.bod.de\/der-junge-nachbar-armin-a-alexander-9783751923859\" target=\"_blank\" rel=\"noopener\">Zur Bestellm\u00f6glichkeit Buch und eBook ePUB<\/a><\/p>\n\n\n\n<p>&nbsp;<\/p>\n\n\n\n<h2 class=\"wp-block-heading\">Die Doktorandin<\/h2>\n\n\n\n<p>&nbsp;<\/p>\n\n\n<div class=\"wp-block-image\">\n<figure class=\"alignleft\"><a href=\"https:\/\/blog.arminaugustalexander.de\/wp-content\/uploads\/2019\/12\/die-doktorandin-titel.jpg\"><img decoding=\"async\" src=\"https:\/\/blog.arminaugustalexander.de\/wp-content\/uploads\/2019\/12\/die-doktorandin-titel-188x300.jpg\" alt=\"\"\/><\/a><\/figure>\n<\/div>\n\n\n<p><span style=\"font-size: 1.1em; font-weight: bold; line-height: 150%;\">Klappentext<\/span><\/p>\n\n\n\n<p>Arne leitet eine kaum bekannte Bibliothek in einem beschaulichen Stadtteil. Die t\u00e4gliche Herausforderung f\u00fcr seine einzige Mitarbeiterin und ihn besteht darin, Arbeiten, die in zwei Stunden erledigt sind, auf acht verteilen zu m\u00fcssen. In diese Gleichf\u00f6rmigkeit bricht eines Tages eine h\u00fcbsche junge Frau ein, die plant, eine Dissertation \u00fcber einen so gut wie vergessenen Autor zu schreiben, dessen vollst\u00e4ndiger Nachla\u00df sich dort befindet, und verdreht dabei, ohne es zuerst zu wollen, dem leicht versponnenen Bibliothekar den Kopf, bis er ihr nicht nur im \u00fcbertragenen Sinn zu F\u00fc\u00dfen liegt.<\/p>\n\n\n\n<p>&nbsp;<\/p>\n\n\n\n<p><br><strong>Ferner enthalten sind die Erz\u00e4hlungen:<\/strong><\/p>\n\n\n\n<p>Lediglich aus Liebe<br>Die \u00bbGouvernante\u00ab<br>Zur Untermiete<\/p>\n\n\n\n<p>&nbsp;<\/p>\n\n\n\n<p><b>Armin A. Alexander<br>Die Doktorandin<\/b><br>ISBN 978-3-7504-1096-1<br>160 S., PB, \u20ac 8,99<br>eBook, no-drm, \u20ac 5,99<\/p>\n\n\n\n<p><a href=\"https:\/\/buchshop.bod.de\/die-doktorandin-armin-a-alexander-9783750410961\" target=\"_blank\" rel=\"noopener\">Zur Bestellm\u00f6glichkeit Buch und eBook ePUB<\/a><\/p>\n\n\n\n<p>&nbsp;<\/p>\n\n\n\n<h2 class=\"wp-block-heading\">Nachhilfestunden<\/h2>\n\n\n\n<p>&nbsp;<\/p>\n\n\n<div class=\"wp-block-image\">\n<figure class=\"alignleft\"><a href=\"https:\/\/blog.arminaugustalexander.de\/wp-content\/uploads\/2019\/10\/nachhilfestunden-2A-titel.jpg\"><img decoding=\"async\" src=\"https:\/\/blog.arminaugustalexander.de\/wp-content\/uploads\/2019\/10\/nachhilfestunden-2A-titel-190x300.jpg\" alt=\"\"\/><\/a><\/figure>\n<\/div>\n\n\n<p><span style=\"font-size: 1.1em; font-weight: bold; line-height: 150%;\">Klappentext<\/span><\/p>\n\n\n\n<p>Ulla mu\u00df nur noch eine Pr\u00fcfung machen, dann kann sie sich f\u00fcr die Abschlu\u00dfarbeit anmelden. Allerdings ist sie bereits zweimal durch diese gefallen, bei der es lediglich ums Auswendiglernen geht. Ihr bleibt nur noch ein Versuch. Sie bittet ihren Kommilitonen R\u00fcdiger um Hilfe. So sehr dieser sich auch bem\u00fcht; ihr gelingt es nicht, sich ausreichend zu konzentrieren. Er will bereits aufgeben, doch dann f\u00e4llt ihm ein alter speckiger Erziehungsratgeber aus dem 19. Jahrhundert in die Hand, der ihn mit seinen drastischen Methoden zu einem letzten Versuch inspiriert; und es funktioniert. Ihr gelingt es, sich zu konzentrieren.<\/p>\n\n\n\n<p>&nbsp;<\/p>\n\n\n\n<p><strong>Ferner enthalten sind die Erz\u00e4hlungen:<\/strong><\/p>\n\n\n\n<p>Evamarias Gummiregenmantel<br>Das Hotelzimmer<br>Das kleine Schuhgesch\u00e4ft<br>Nachbarschaftshilfe<\/p>\n\n\n\n<p>&nbsp;<\/p>\n\n\n\n<p><strong>Pressestimmen<\/strong><\/p>\n\n\n\n<p><i>Die didaktischen Versuche gewinnen ein Eigenleben und die beiden genie\u00dfen immer mehr die gemeinsamen Stunden. Armin A. Alexander erz\u00e4hlt seine Geschichte mit Esprit.<br>Zilli in den \u00bbSchlagzeilen\u00ab Nr. 103<\/i><\/p>\n\n\n\n<p>&nbsp;<\/p>\n\n\n\n<p><b>Armin A. Alexander<br>Nachhilfestunden<\/b><br><em>\u00dcberarbeitete und erweiterte Neuausgabe Juli 2019<\/em><br>ISBN 978-3-7412-6384-2<br>144 S., PB, \u20ac 7,49<br>eBook, no-drm, \u20ac 5,99<\/p>\n\n\n\n<p><a href=\"https:\/\/buchshop.bod.de\/nachhilfestunden-armin-a-alexander-9783741263842\" target=\"_blank\" rel=\"noopener\">Zur Bestellm\u00f6glichkeit Buch und eBook ePUB<\/a><\/p>\n\n\n\n<p>&nbsp;<\/p>\n\n\n\n<h2 class=\"wp-block-heading\">QEL-250<\/h2>\n\n\n\n<p>&nbsp;<\/p>\n\n\n<div class=\"wp-block-image\">\n<figure class=\"alignleft\"><a href=\"https:\/\/blog.arminaugustalexander.de\/wp-content\/uploads\/2019\/03\/QEL-250-Titel.jpg\"><img decoding=\"async\" src=\"https:\/\/blog.arminaugustalexander.de\/wp-content\/uploads\/2019\/03\/QEL-250-Titel-188x300.jpg\" alt=\"\"\/><\/a><\/figure>\n<\/div>\n\n\n<p><span style=\"font-size: 1.1em; font-weight: bold; line-height: 150%;\">Klappentext<\/span><\/p>\n\n\n\n<p><em>Fr\u00fchjahr 1985:<\/em> In den Pharmalabors der Berger-Chemie wird nach einem verbesserten Rheumamittel geforscht, letztlich Routine. Die Ergebnisse der ersten Tierversuche sind jedoch ern\u00fcchternd. Kurz bevor man sich dar\u00fcber verst\u00e4ndigt, die Versuche abzubrechen, legen einige Tiere ein Verhalten an den Tag, als beeintr\u00e4chtige das Mittel ihre Ged\u00e4chtnisleistung. Am darauffolgenden Wochenende wird der Hefter mit den Protokollen, die jedoch unvollst\u00e4ndig sind, bei einem Einbruch ins Labor gestohlen. Helene Jagenberg, eine an der Entwicklung beteiligte Chemikerin, hat die wichtigsten Teile mit nach Hause genommen, um einen ausf\u00fchrlichen Bericht zu schreiben. Kurz darauf wird sie entf\u00fchrt.<\/p>\n\n\n\n<p>&nbsp;<\/p>\n\n\n\n<p><b>Armin A. Alexander<br>QEL-250<\/b><br>ISBN 978-3-7494-3700-9<br>228 S., PB, \u20ac 10,99<br>eBook, no-drm, \u20ac 7,99<\/p>\n\n\n\n<p><a href=\"https:\/\/buchshop.bod.de\/qel-250-armin-a-alexander-9783749437009\" target=\"_blank\" rel=\"noopener\">Zur Bestellm\u00f6glichkeit Buch und eBook ePUB<\/a><\/p>\n\n\n\n<p>&nbsp;<\/p>\n\n\n\n<h2 class=\"wp-block-heading\">Ein (fast) allt\u00e4glicher Fall<\/h2>\n\n\n\n<p>&nbsp;<\/p>\n\n\n<div class=\"wp-block-image\">\n<figure class=\"alignleft size-large\"><img decoding=\"async\" src=\"https:\/\/blog.arminaugustalexander.de\/wp-content\/gallery\/logos\/fall_titel.png\" alt=\"\"\/><\/figure>\n<\/div>\n\n\n<p><span style=\"font-size: 1.1em; font-weight: bold; line-height: 150%;\">Klappentext<\/span><\/p>\n\n\n\n<p>In einer Siedlung, die abgebrochen werden soll, um Neubauten Platz zu machen, wird die Leiche einer Frau gefunden, die nackt auf einem alten Bettgestell gefesselt liegt. Alles deutet darauf hin, da\u00df eine BDSM-Session geh\u00f6rig daneben gegangen ist. Doch wer war bei der Frau gewesen? Wer hat sie gefesselt und mit einem Seidenschal gew\u00fcrgt? Kommissarin Eva Gerbroth begibt sich im Rahmen ihrer Ermittlungen auch in die \u00f6rtliche BDSM-Szene. Auf einer Party lernt sie den Szene-Photographen und passionierten Dom Jean kennen, von dem Eva sofort fasziniert ist. Durch ihn erf\u00e4hrt sie mehr \u00fcber sich selbst als \u00fcber ihren Fall, der bald eine \u00fcberraschende Wende nimmt, als Eva entdeckt, da\u00df Jean die Tote gekannt hat, obwohl er es ihr gegen\u00fcber leugnet.<\/p>\n\n\n\n<p>&nbsp;<\/p>\n\n\n\n<p><strong>Pressestimmen<\/strong><\/p>\n\n\n\n<p><i>Eva ist Kommissarin, und obwohl Gewalt an Menschen zu ihrem Alltag geh\u00f6rt, tr\u00e4umt sie davon, sexuell \u00fcberw\u00e4ltigt und gedem\u00fctigt zu werden. Leider hat sie nie den passenden Partner gefunden um ihre Phantasien auszuleben.<\/i><\/p>\n\n\n\n<p class=\"einzug\"><i>Ihr neuster Fall f\u00fchrt sie nun genau in dieses Milieu, das sie so reizt. Eine Frau wird tot aufgefunden, augenscheinlich bei einem SM-Spiel uns Leben gekommen. Bei ihren Ermittlungen st\u00f6\u00dft Eva auf Jean, der die Tote kannte und daher verd\u00e4chtig ist. Doch Jean ist auch ein \u00e4u\u00dferst anziehender dominanter Man, dem Eva verf\u00e4llt. [&#8230;]<\/i><\/p>\n\n\n\n<p class=\"einzug\">\u00bb<i>Ein (fast) allt?glicher Fall\u00ab von Armin A. Alexander ist spannender Krimi und erotische Liebesgeschichte in einem.<\/i><\/p>\n\n\n\n<p class=\"einzug\"><i>Die SM-Szenen sind liebevoll und detailliert beschrieben, herrlich zum Mittr\u00e4umen.<\/i><\/p>\n\n\n\n<p class=\"einzug\"><em>Armin Alexander ist ein hervorragender Erz\u00e4hler, der zu fesseln vermag.[&#8230;]<\/em><\/p>\n\n\n\n<p class=\"has-text-align-right\"><em>Zilli in den \u00bb<b><a style=\"color: #000000;\" href=\"http:\/\/www.schlagzeilen.com\" target=\"_blank\" rel=\"noopener\">Schlagzeilen<\/a><\/b>\u00ab Nr. 113<\/em><\/p>\n\n\n\n<p>&nbsp;<\/p>\n\n\n\n<p><b>Armin A. Alexander<br>Ein (fast) allt?glicher Fall<\/b><br><em>?berarbeitete Neuausgabe Juli 2017<\/em><br>ISBN 978-3-7448-5218-0<br>320 S., PB, \u20ac 13,99<br>eBook, no-drm, \u20ac 9,99<\/p>\n\n\n\n<p><a href=\"https:\/\/buchshop.bod.de\/ein-fast-alltaeglicher-fall-armin-a-alexander-9783744852180\" target=\"_blank\" rel=\"noopener\">Zur Bestellm\u00f6glichkeit Buch und eBook ePUB<\/a><\/p>\n\n\n\n<p>&nbsp;<\/p>\n\n\n\n<h2 class=\"wp-block-heading\">Felizia &amp; Felix<\/h2>\n\n\n\n<p>&nbsp;<\/p>\n\n\n<div class=\"wp-block-image\">\n<figure class=\"alignleft size-large\"><img decoding=\"async\" src=\"https:\/\/blog.arminaugustalexander.de\/wp-content\/gallery\/logos\/felizia-und-felix_titel.png\" alt=\"\"\/><\/figure>\n<\/div>\n\n\n<p><span style=\"font-size: 1.1em; font-weight: bold; line-height: 150%;\">Klappentext<\/span><\/p>\n\n\n\n<p>Felizia und Felix gelten in ihrem Freundes- und Bekanntenkreis als Traumpaar. Sie leben bereits seit sieben Jahren harmonisch zusammen. Nichts scheint ihre traute Zweisamkeit st\u00f6ren zu k\u00f6nnen. Bis Felizia sich ihrer BDSM-Phantasien bewu\u00dft wird. Zuerst sieht sie in ihnen nur eine vor\u00fcbergehende Erscheinung, doch schieben sie sich immer st\u00e4rker in den Vordergrund. Felizia entschlie\u00dft sich, Felix davon zu erz\u00e4hlen. Zuerst nimmt Felix es relativ gelassen auf, doch dann macht Felizia eine ungeschickte \u00c4u\u00dferung bez\u00fcglich \u00bbanderer M\u00e4nner\u00ab, die Felix vollkommen mi\u00dfversteht. Und auf einmal scheint die ganze Harmonie zwischen Felizia und Felix nachhaltig gest\u00f6rt.<\/p>\n\n\n\n<p><br><span style=\"font-size: 1em; font-weight: bold; line-height: 22px;\">Inhalt:<\/span><\/p>\n\n\n\n<p>Marmeladent\u00f6rtchen<br>Die neue Kollegin<br>Felizia &amp; Felix<br>Ein neues Zimmer<br>\u00dcberrascht!<\/p>\n\n\n\n<p>&nbsp;<\/p>\n\n\n\n<p><strong>Pressestimmen<\/strong><\/p>\n\n\n\n<p><i>F\u00fcnf Kurzgeschichten serviert uns<\/i> Armin A. Alexander <i>in seinem Buch \u00bbFelizia &amp; Felix\u00ab und jede ist voller Poesie und liebevoller Z\u00e4rtlichkeit. [&#8230;]<\/i><\/p>\n\n\n\n<p class=\"einzug\"><i>Jede der f\u00fcnf Storys ist ein Genuss, dennoch gef\u00e4llt mit die erste am besten, die den Titel \u00bb<em>Marmeladent\u00f6rtchen<\/em>\u00ab tr\u00e4gt.<\/i><\/p>\n\n\n\n<p class=\"einzug\"><i>Dort trifft ein Mann auf einem Fest von Freunden eine attraktive Frau. Da er vom Regen \u00fcberrascht und nass wird, bietet sie ihm an, ihn mit zu sich zu nehmen, damit er warm duschen und sich umziehen kann. W\u00e4hrend seine Kleidung im Trockner ist, kocht er als Gegenleistung f\u00fcr sie. Zum Nachtisch gibt es Tee und selbstgebackene T\u00f6rtchen ? Und w\u00e4hrend das Aroma von gutem Tee und frisch Gebackenem durch die K\u00fcche zieht, vernascht die Dame des Hauses doch lieber zuerst den Koch.<\/i><\/p>\n\n\n\n<p class=\"einzug\"><i>Ein wunderbares Buch f\u00fcr diese Jahreszeit. Es inspiriert dazu, es sich auf dem Sofa mit Wolldecke und Tee gem\u00fctlich zu machen, um zu lesen und zu tr\u00e4umen.[&#8230;]<\/i><\/p>\n\n\n\n<p class=\"has-text-align-right\"><em>Zilli in den \u00bb<b><a style=\"color: #000000;\" href=\"http:\/\/www.schlagzeilen.com\" target=\"_blank\" rel=\"noopener\">Schlagzeilen<\/a><\/b>\u00ab Nr. 106<\/em><\/p>\n\n\n\n<p>&nbsp;<\/p>\n\n\n\n<p><b>Armin A. Alexander<br>Felizia &amp; Felix<\/b><br><em>\u00dcberarbeitete Neuausgabe Juli 2017<\/em><br>ISBN 978-3-7448-5219-7<br>164 S., PB, \u20ac 8,99<br>eBook, no-drm, \u20ac 5,99<\/p>\n\n\n\n<p><a href=\"https:\/\/buchshop.bod.de\/felizia-und-felix-armin-a-alexander-9783744852197\">Zur Bestellm\u00f6glichkeit Buch und eBook ePUB<\/a><\/p>\n\n\n\n<p>&nbsp;<\/p>\n\n\n\n<h2 class=\"wp-block-heading\">Geheimnisvolles Rendezvous<\/h2>\n\n\n\n<p>&nbsp;<\/p>\n\n\n<div class=\"wp-block-image\">\n<figure class=\"alignleft\"><a href=\"https:\/\/blog.arminaugustalexander.de\/wp-content\/uploads\/2019\/06\/rendezvous-2A-einband.jpg\"><img decoding=\"async\" src=\"https:\/\/blog.arminaugustalexander.de\/wp-content\/uploads\/2019\/06\/rendezvous-2A-einband-191x300.jpg\" alt=\"\"\/><\/a><\/figure>\n<\/div>\n\n\n<p><span style=\"font-size: 1.1em; font-weight: bold; line-height: 150%;\">Klappentext<\/span><\/p>\n\n\n\n<p>&nbsp;<\/p>\n\n\n\n<p><em>Man stelle sich vor:<\/em> Eines Morgens liegt im Briefkasten ein Umschlag mit einem erotischen Aquarell, dem Selbstportrait einer faszinierend sch\u00f6nen Frau und einer begnadeten K\u00fcnstlerin, die ihren K\u00f6rper verf\u00fchrerisch darstellt, aber ihr Gesicht verdeckt. Und es bleibt nicht bei diesem einen Aquarell, sondern es werden ein Dutzend. Auf keinem gibt sie ihre Identit\u00e4t preis, daf\u00fcr alles andere. Genau das und noch etwas mehr widerf\u00e4hrt dem Helden dieser Erz\u00e4hlung.<\/p>\n\n\n\n<p>&nbsp;<\/p>\n\n\n\n<p>&nbsp;<\/p>\n\n\n\n<p>&nbsp;<\/p>\n\n\n\n<p><strong>Der Band enth\u00e4lt die Erz\u00e4hlungen:<\/strong><\/p>\n\n\n\n<p>Geheimnisvolles Rendezvous<br>Chambre d\u2018Amour<br>Ein Bewunderer<br>Die Villa nebenan <em>(Urspr\u00fcnglich als eigenst\u00e4ndiger Band erschienen)<\/em><\/p>\n\n\n\n<p>&nbsp;<\/p>\n\n\n\n<p><strong>Armin A. Alexander<br>Geheimnisvolles Rendezvous<\/strong><br><em>\u00dcberarbeitete und erweiterte Neuausgabe Juni 2019<\/em><br>ISBN 978-3-7347-9929-7<br>132 S., PB, \u20ac 6,99<br>eBook, no-drm, \u20ac 5,49<\/p>\n\n\n\n<p><a href=\"https:\/\/buchshop.bod.de\/geheimnisvolles-rendezvous-armin-a-alexander-9783734799297\" target=\"_blank\" rel=\"noopener\">Zur Bestellm\u00f6glichkeit Buch und eBook ePUB<\/a><\/p>\n\n\n\n<p>&nbsp;<\/p>\n","protected":false},"excerpt":{"rendered":"<p>&nbsp; &nbsp; Leseproben stehen unter den angegebenen Buchshop-Links zur Verf\u00fcgung &nbsp; Golos Erbe &nbsp; Klappentext Ein junger, auf sympathische Weise leicht versponnener Schriftsteller und \u00dcbersetzer erbt zur H\u00e4lfte das gro\u00dfe, alte Haus seines Patenonkels, dem er viel zu verdanken hat. Er erf\u00e4hrt erst, wer der Miterbe ist, wenn dieser sich ihm vorstellt. Er verbringt die [&hellip;]<\/p>\n","protected":false},"author":1,"featured_media":0,"parent":0,"menu_order":0,"comment_status":"open","ping_status":"closed","template":"","meta":{"pgc_sgb_lightbox_settings":"","_themeisle_gutenberg_block_has_review":false,"footnotes":""},"class_list":["post-941","page","type-page","status-publish","hentry"],"_links":{"self":[{"href":"https:\/\/blog.arminaugustalexander.de\/index.php?rest_route=\/wp\/v2\/pages\/941","targetHints":{"allow":["GET"]}}],"collection":[{"href":"https:\/\/blog.arminaugustalexander.de\/index.php?rest_route=\/wp\/v2\/pages"}],"about":[{"href":"https:\/\/blog.arminaugustalexander.de\/index.php?rest_route=\/wp\/v2\/types\/page"}],"author":[{"embeddable":true,"href":"https:\/\/blog.arminaugustalexander.de\/index.php?rest_route=\/wp\/v2\/users\/1"}],"replies":[{"embeddable":true,"href":"https:\/\/blog.arminaugustalexander.de\/index.php?rest_route=%2Fwp%2Fv2%2Fcomments&post=941"}],"version-history":[{"count":3,"href":"https:\/\/blog.arminaugustalexander.de\/index.php?rest_route=\/wp\/v2\/pages\/941\/revisions"}],"predecessor-version":[{"id":7107,"href":"https:\/\/blog.arminaugustalexander.de\/index.php?rest_route=\/wp\/v2\/pages\/941\/revisions\/7107"}],"wp:attachment":[{"href":"https:\/\/blog.arminaugustalexander.de\/index.php?rest_route=%2Fwp%2Fv2%2Fmedia&parent=941"}],"curies":[{"name":"wp","href":"https:\/\/api.w.org\/{rel}","templated":true}]}}